{"id":429,"date":"2017-09-27T13:11:42","date_gmt":"2017-09-27T13:11:42","guid":{"rendered":"http:\/\/www.putaendo.cl\/portalturismo\/?page_id=429"},"modified":"2017-09-27T13:11:55","modified_gmt":"2017-09-27T13:11:55","slug":"petroglifos-de-putaendo","status":"publish","type":"page","link":"https:\/\/www.putaendo.cl\/portalturismo\/atractivos-turisticos\/petroglifos-de-putaendo\/","title":{"rendered":"Petroglifos de Putaendo"},"content":{"rendered":"<p>La producci\u00f3n de arte rupestre, en la forma de grabados en la superficie de rocas o petroglifos, manifestada en\u00a0espacios diferentes a los de habitaci\u00f3n es otro rasgo caracter\u00edstico del periodo prehisp\u00e1nico, el cual ha sido ligado con\u00a0aspectos rituales y demarcatorios de territorialidad. Zonas con un n\u00famero significativo de estas manifestaciones\u00a0rupestres corresponden en el valle de Putaendo a Casa Blanca-El T\u00e1rtaro, Las Minillas y Piguch\u00e9n.<\/p>\n<p>Para visitar estas zonas te recomendamos contactarte con gu\u00edas de turismo de la zona.<\/p>\n<p><img loading=\"lazy\" decoding=\"async\" class=\"alignnone size-large wp-image-243\" src=\"http:\/\/www.putaendo.cl\/portalturismo\/wp-content\/uploads\/2017\/07\/Petros-Putaendo-Aconcagua-2020-2-1024x683.jpg\" alt=\"\" width=\"640\" height=\"427\" srcset=\"https:\/\/www.putaendo.cl\/portalturismo\/wp-content\/uploads\/2017\/07\/Petros-Putaendo-Aconcagua-2020-2-1024x683.jpg 1024w, https:\/\/www.putaendo.cl\/portalturismo\/wp-content\/uploads\/2017\/07\/Petros-Putaendo-Aconcagua-2020-2-300x200.jpg 300w, https:\/\/www.putaendo.cl\/portalturismo\/wp-content\/uploads\/2017\/07\/Petros-Putaendo-Aconcagua-2020-2-768x512.jpg 768w\" sizes=\"auto, (max-width: 640px) 100vw, 640px\" \/><\/p>\n","protected":false},"excerpt":{"rendered":"<p>La producci\u00f3n de arte rupestre, en la forma de grabados en la superficie de rocas o petroglifos, manifestada en\u00a0espacios diferentes a los de habitaci\u00f3n es otro rasgo caracter\u00edstico del periodo prehisp\u00e1nico, el cual ha sido ligado con\u00a0aspectos rituales y demarcatorios de territorialidad. Zonas con un n\u00famero significativo de estas manifestaciones\u00a0rupestres corresponden en el valle de [&hellip;]<\/p>\n","protected":false},"author":1,"featured_media":0,"parent":271,"menu_order":0,"comment_status":"closed","ping_status":"closed","template":"","meta":{"footnotes":""},"class_list":["post-429","page","type-page","status-publish","hentry"],"_links":{"self":[{"href":"https:\/\/www.putaendo.cl\/portalturismo\/wp-json\/wp\/v2\/pages\/429","targetHints":{"allow":["GET"]}}],"collection":[{"href":"https:\/\/www.putaendo.cl\/portalturismo\/wp-json\/wp\/v2\/pages"}],"about":[{"href":"https:\/\/www.putaendo.cl\/portalturismo\/wp-json\/wp\/v2\/types\/page"}],"author":[{"embeddable":true,"href":"https:\/\/www.putaendo.cl\/portalturismo\/wp-json\/wp\/v2\/users\/1"}],"replies":[{"embeddable":true,"href":"https:\/\/www.putaendo.cl\/portalturismo\/wp-json\/wp\/v2\/comments?post=429"}],"version-history":[{"count":0,"href":"https:\/\/www.putaendo.cl\/portalturismo\/wp-json\/wp\/v2\/pages\/429\/revisions"}],"up":[{"embeddable":true,"href":"https:\/\/www.putaendo.cl\/portalturismo\/wp-json\/wp\/v2\/pages\/271"}],"wp:attachment":[{"href":"https:\/\/www.putaendo.cl\/portalturismo\/wp-json\/wp\/v2\/media?parent=429"}],"curies":[{"name":"wp","href":"https:\/\/api.w.org\/{rel}","templated":true}]}}