{"id":924,"date":"2018-02-13T20:23:17","date_gmt":"2018-02-13T20:23:17","guid":{"rendered":"http:\/\/www.putaendo.cl\/municipalidad\/?page_id=924"},"modified":"2019-12-26T13:30:38","modified_gmt":"2019-12-26T13:30:38","slug":"direccion-de-transito","status":"publish","type":"page","link":"https:\/\/www.putaendo.cl\/municipalidad\/departamentos\/direccion-de-transito\/","title":{"rendered":"Direcci\u00f3n de Tr\u00e1nsito"},"content":{"rendered":"<style type=\"text\/css\"> \n.dpa{\n     float: left;\n     width : 330px;\n     height: 650px;\n     margin-right: 30px;\n     word-wrap: break-wor;\n     overflow: auto;\n     margin-bottom: 50px;\n     background-color:#effdff;\n     -webkit-box-shadow: 3px 4px 51px 0px rgba(0,0,0,0.75);\n     -moz-box-shadow: 3px 4px 51px 0px rgba(0,0,0,0.75);\n     box-shadow: 3px 4px 51px 0px rgba(0,0,0,0.75);\n     border-radius: 5px;\n     padding-left: 20px;\n     padding-right: 20px;\n}\n.dpa_img{\n     height: 20%;\n     margin-bottom: 5px;\n     background-color: #effafc;\n     margin: 0 auto;\n     text-align: center;\n}\n.dpa_nom{\n     height: 5%;\n     margin-bottom: 5px;\n     margin: 0 auto;\n     text-align: center;\n}\n.dpa_contacto{\n     height: 14%;\n     margin-bottom: 3px;\n     background-color: #effafc;\n     font-size: 0.7em;\n     padding-left: 9px;\n}\n.dpa_descrip{\n     height: 40%;\n     font-size: 0.7em;\n     margin: 0 auto;\n     text-align: center;\n     text-align : justify;\n     padding-top: 20px;\n}\n.conte_dpa{\n      padding-left: 35px;\n}\n.lista-dpmt{\n      font-size: 0.8em;\n      line-height: normal;\n      list-style: none;\n      margin: 0 auto;\n}\n<\/style>\n<div class=\"conte_dpa\">\n<div class=\"dpa\">\n<div class=\"dpa_img\">\n          <img loading=\"lazy\" decoding=\"async\" src=\"https:\/\/www.putaendo.cl\/municipalidad\/wp-content\/uploads\/2018\/02\/icono-permisos-de-circulacion.png\" height=\"140\" width=\"140\">\n      <\/div>\n<div class=\"dpa_nom\">\n        <strong>Permisos de circulaci\u00f3n<\/strong>\n      <\/div>\n<div class=\"dpa_contacto\">\n         <center>Tel\u00e9fono:(34)2431554<br \/>\n         Prat N\u00b0 1 &#8211; Primer Piso<\/center><br \/>\n         Encargada: Patricia Bruna Cortes<br \/>\n         e-mail: permisosdecirculacion@putaendo.cl\n      <\/div>\n<div class=\"dpa_descrip\">\n      <center><br \/>\n         Los tr\u00e1mites que se pueden realizar son:<br \/>\n          <a href=\"https:\/\/www.putaendo.cl\/municipalidad\/permisos-de-circulacion\/\">&#8211; Primer permiso de circulaci\u00f3n<br \/>\n          &#8211; Renovaci\u00f3n de permiso de circulaci\u00f3n<br \/>\n          &#8211; Requisitos Permisos de Circulaci\u00f3n<\/a><br \/>\n          <\/br><br \/>\n          Realiza pago en linea, click en la imagen:<br \/>\n             <a href=\"https:\/\/www.sem.gob.cl\/pcirc\/index.php?pago_id=28&#038;inst_id=5598525&#038;setiframe=0\"><img loading=\"lazy\" decoding=\"async\" src=\"https:\/\/www.sem.gob.cl\/banner\/28\/3.png\" border=\"2\" width=\"250\" height=\"200\"><\/a><\/center>\n     <\/div>\n<\/p><\/div>\n<div class=\"dpa\">\n<div class=\"dpa_img\">\n           <img loading=\"lazy\" decoding=\"async\" src=\"https:\/\/www.putaendo.cl\/municipalidad\/wp-content\/uploads\/2018\/02\/icono-licencias-de-conducir.png\" height=\"140\" width=\"140\">\n      <\/div>\n<div class=\"dpa_nom\">\n        <strong>Licencias de conducir <\/strong>\n      <\/div>\n<div class=\"dpa_contacto\">\n         <center>Tel\u00e9fono: (34)2431554<br \/>\n         Prat N\u00b0 1 &#8211; Primer Piso<\/center><br \/>\n         Encargada: Kimberlyn Mill\u00f3n Henriquez<br \/>\n         e-mail: licenciasdeconducir@putaendo.cl\n      <\/div>\n<div class=\"dpa_descrip\">\n         Los tr\u00e1mites que se pueden realizar son:<br \/>\n        <a href=\"https:\/\/www.putaendo.cl\/municipalidad\/licencias-de-conducir\/\"> &#8211; Obtener primera licencia<br \/>\n           Clases profesionales (A1, A2, A3, A4, A5)<br \/>\n         &#8211; Obtener primera licencia<br \/>\n           Clases no profesionales (ClaseB, ClaseC, ClaseD, ClaseE, ClaseF)<br \/>\n         &#8211; Control de Licencia &#8211; Extensi\u00f3n<br \/>\n         &#8211; Duplicado de Licencia &#8211; Sello Verde<br \/>\n         &#8211; Cambio de Domicilio &#8211; Certificados<br \/>\n         &#8211; Pase Diario Revisi\u00f3n T\u00e9cnica<br \/>\n         &#8211; Requisitos Licencia de Conducir<\/a><\/br><br \/>\n         <center>Control de licencias de conducir:<br \/>\n          Martes y Jueves de 9:00 a 12:00 hrs.<br \/>\n         Primera y extensiones de licencia:<br \/>\n          Lunes &#8211;  Mi\u00e9rcoles 09:00 a 11:00  hrs.<\/center>\n     <\/div>\n<\/p><\/div>\n<\/div>\n","protected":false},"excerpt":{"rendered":"<p>Permisos de circulaci\u00f3n Tel\u00e9fono:(34)2431554 Prat N\u00b0 1 &#8211; Primer Piso Encargada: Patricia Bruna Cortes e-mail: permisosdecirculacion@putaendo.cl Los tr\u00e1mites que se pueden realizar son: &#8211; Primer permiso de circulaci\u00f3n &#8211; Renovaci\u00f3n <a href=\"https:\/\/www.putaendo.cl\/municipalidad\/departamentos\/direccion-de-transito\/\" class=\"read-more button-fancy -red\"><span class=\"btn-arrow\"><\/span><span class=\"twp-read-more text\">Continue leyendo<\/span><\/a><\/p>\n","protected":false},"author":1,"featured_media":0,"parent":45,"menu_order":0,"comment_status":"closed","ping_status":"closed","template":"","meta":{"footnotes":""},"class_list":["post-924","page","type-page","status-publish","hentry"],"_links":{"self":[{"href":"https:\/\/www.putaendo.cl\/municipalidad\/wp-json\/wp\/v2\/pages\/924","targetHints":{"allow":["GET"]}}],"collection":[{"href":"https:\/\/www.putaendo.cl\/municipalidad\/wp-json\/wp\/v2\/pages"}],"about":[{"href":"https:\/\/www.putaendo.cl\/municipalidad\/wp-json\/wp\/v2\/types\/page"}],"author":[{"embeddable":true,"href":"https:\/\/www.putaendo.cl\/municipalidad\/wp-json\/wp\/v2\/users\/1"}],"replies":[{"embeddable":true,"href":"https:\/\/www.putaendo.cl\/municipalidad\/wp-json\/wp\/v2\/comments?post=924"}],"version-history":[{"count":53,"href":"https:\/\/www.putaendo.cl\/municipalidad\/wp-json\/wp\/v2\/pages\/924\/revisions"}],"predecessor-version":[{"id":3304,"href":"https:\/\/www.putaendo.cl\/municipalidad\/wp-json\/wp\/v2\/pages\/924\/revisions\/3304"}],"up":[{"embeddable":true,"href":"https:\/\/www.putaendo.cl\/municipalidad\/wp-json\/wp\/v2\/pages\/45"}],"wp:attachment":[{"href":"https:\/\/www.putaendo.cl\/municipalidad\/wp-json\/wp\/v2\/media?parent=924"}],"curies":[{"name":"wp","href":"https:\/\/api.w.org\/{rel}","templated":true}]}}