{"id":920,"date":"2018-02-13T20:03:18","date_gmt":"2018-02-13T20:03:18","guid":{"rendered":"http:\/\/www.putaendo.cl\/municipalidad\/?page_id=920"},"modified":"2018-02-15T14:48:58","modified_gmt":"2018-02-15T14:48:58","slug":"permisos-de-circulacion","status":"publish","type":"page","link":"https:\/\/www.putaendo.cl\/municipalidad\/departamentos\/direccion-de-transito\/permisos-de-circulacion\/","title":{"rendered":"Requisitos Permisos de Circulaci\u00f3n"},"content":{"rendered":"<style type=\"text\/css\">\n.req_circ{\n     float: left;\n     width : 550px;\n     margin-right: 20px;\n}\n.fecha_pago{\n     float: left;\n     margin-top: 30px;\n     width : 1120px;\n}\n.a1{\n     background-color: #6db1ff;\n     font-weight: bold;\n     padding-left: 20px;\n     padding-right: 20px;\n}\n.a2{\n     background-color: #effafc;\n     padding-left: 20px;\n     padding-right: 20px;\n}\nspam{\n     color: #000d5b;\n}\n<\/style>\n<div class=\"req_circ\">\n<div class=\"a1\">\n      Requisitos Primer Permiso de Circulaci\u00f3n\n   <\/div>\n<div class=\"a2\">\n      &#8211; Factura de compraventa.<br \/>\n      &#8211; Certificado de Primera Inscripci\u00f3n.<br \/>\n      &#8211; Seguro Obligatorio (Con fecha de vigencia hasta el vencimiento del permiso de Circulaci\u00f3n).<br \/>\n      &#8211; Revisi\u00f3n T\u00e9cnica o Certificado de Homologaci\u00f3n (Al d\u00eda).<br \/>\n      &#8211; No Registrar Multas Impagas (En el registro de multas no pagadas del Registro Civil).\n   <\/div>\n<\/div>\n<div class=\"req_circ\">\n<div class=\"a1\">\n      Requisitos Renovaci\u00f3n Permisos de Circulaci\u00f3n\n   <\/div>\n<div class=\"a2\">\n      &#8211; Seguro Obligatorio (Con fecha de vigencia hasta el vencimiento del Permisos de Circulaci\u00f3n).<br \/>\n      &#8211; Permiso A\u00f1o Anterior.<br \/>\n      &#8211; Revisi\u00f3n T\u00e9cnica o Certificado de Homologaci\u00f3n (Al d\u00eda).<br \/>\n      &#8211; Certificado de Emisiones Contaminantes (Al d\u00eda).<br \/>\n      &#8211; No Registrar Multas Impagas (En el registro de multas no pagadas del Registro Civil).\n   <\/div>\n<\/div>\n<div class=\"fecha_pago\">\n<div class=\"a1\">\n      Fechas de pago por tipo de vehiculo calendario Imperativo\n   <\/div>\n<div class=\"a2\">\n      <spam>&#8211; Hasta el 31 de Marzo: <\/spam>Automoviles particulares, automoviles de alquiler de lujo, automoviles de turismo o de servicios especiales, station wagons, furgones, ambulancias, carrozas funebres, automoviles, camionetas y motocicletas; carros y remolques para acopalar a vehiculos motorizados, hasta 1750 Kg. de capacidad de carga.<br \/>\nTributo: Progresivo sobre Tasaci\u00f3n Oficial. pago en cuotas: 1\u00b0 cuota en Marzo y 2\u00b0 cuota en Agosto. <\/p>\n<p>      <spam>&#8211; Dentro del Mes de Mayo: <\/spam>Automoviles de alquiler, de servicios individual o colectivo, con o sin taximetro, una unidad; Vehiculos de movilizaci\u00f3n colectiva de pasajeros.<br \/>\nTributo: fijo. Pago en cuotas: 1\u00b0 cuota en Mayo y 2\u00b0 cuota en Junio. <\/p>\n<p>      <spam>&#8211; Dentro del Mes de Septiembre: <\/spam>Camiones de m\u00e1s de 1750 Kg. de capacidad de carga, tractocamiones de m\u00e1s 1750 Kg. de capacidad de arraste de carga; semiremolques; carros y remolques para acoplar a otros vehiculos, tractores agr\u00edcolas o industriales y maquinas automotrices como sembradoras, cosechadoras, bulldozer, palas traillas, y otras similares; Motonetas, bicimotos y bicicletas con motor.<br \/>\nTributo: Fijo. Pagon en cuotas: 1\u00b0 cuota en Septiembre y 2\u00b0 cuota en Octubre.\n   <\/div>\n<\/div>\n","protected":false},"excerpt":{"rendered":"<p>Requisitos Primer Permiso de Circulaci\u00f3n &#8211; Factura de compraventa. &#8211; Certificado de Primera Inscripci\u00f3n. &#8211; Seguro Obligatorio (Con fecha de vigencia hasta el vencimiento del permiso de Circulaci\u00f3n). &#8211; Revisi\u00f3n <a href=\"https:\/\/www.putaendo.cl\/municipalidad\/departamentos\/direccion-de-transito\/permisos-de-circulacion\/\" class=\"read-more button-fancy -red\"><span class=\"btn-arrow\"><\/span><span class=\"twp-read-more text\">Continue leyendo<\/span><\/a><\/p>\n","protected":false},"author":1,"featured_media":0,"parent":924,"menu_order":0,"comment_status":"closed","ping_status":"closed","template":"","meta":{"footnotes":""},"class_list":["post-920","page","type-page","status-publish","hentry"],"_links":{"self":[{"href":"https:\/\/www.putaendo.cl\/municipalidad\/wp-json\/wp\/v2\/pages\/920","targetHints":{"allow":["GET"]}}],"collection":[{"href":"https:\/\/www.putaendo.cl\/municipalidad\/wp-json\/wp\/v2\/pages"}],"about":[{"href":"https:\/\/www.putaendo.cl\/municipalidad\/wp-json\/wp\/v2\/types\/page"}],"author":[{"embeddable":true,"href":"https:\/\/www.putaendo.cl\/municipalidad\/wp-json\/wp\/v2\/users\/1"}],"replies":[{"embeddable":true,"href":"https:\/\/www.putaendo.cl\/municipalidad\/wp-json\/wp\/v2\/comments?post=920"}],"version-history":[{"count":35,"href":"https:\/\/www.putaendo.cl\/municipalidad\/wp-json\/wp\/v2\/pages\/920\/revisions"}],"predecessor-version":[{"id":990,"href":"https:\/\/www.putaendo.cl\/municipalidad\/wp-json\/wp\/v2\/pages\/920\/revisions\/990"}],"up":[{"embeddable":true,"href":"https:\/\/www.putaendo.cl\/municipalidad\/wp-json\/wp\/v2\/pages\/924"}],"wp:attachment":[{"href":"https:\/\/www.putaendo.cl\/municipalidad\/wp-json\/wp\/v2\/media?parent=920"}],"curies":[{"name":"wp","href":"https:\/\/api.w.org\/{rel}","templated":true}]}}