{"id":778,"date":"2018-02-12T19:36:40","date_gmt":"2018-02-12T19:36:40","guid":{"rendered":"http:\/\/www.putaendo.cl\/municipalidad\/?page_id=778"},"modified":"2018-02-22T13:30:34","modified_gmt":"2018-02-22T13:30:34","slug":"administracion-municipal","status":"publish","type":"page","link":"https:\/\/www.putaendo.cl\/municipalidad\/departamentos\/administracion-municipal\/","title":{"rendered":"Administraci\u00f3n Municipal"},"content":{"rendered":"<style type=\"text\/css\"> \n.dpa{\n     float: left;\n     width : 330px;\n     height: 650px;\n     margin-right: 30px;\n     word-wrap: break-wor;\n     overflow: auto;\n     margin-bottom: 50px;\n     background-color:#effdff;\n     -webkit-box-shadow: 3px 4px 51px 0px rgba(0,0,0,0.75);\n     -moz-box-shadow: 3px 4px 51px 0px rgba(0,0,0,0.75);\n     box-shadow: 3px 4px 51px 0px rgba(0,0,0,0.75);\n     border-radius: 5px;\n     padding-left: 20px;\n     padding-right: 20px;\n}\n.dpa_img{\n     height: 20%;\n     margin-bottom: 5px;\n     background-color: #effafc;\n     margin: 0 auto;\n     text-align: center;\n}\n.dpa_nom{\n     height: 5%;\n     margin-bottom: 5px;\n     margin: 0 auto;\n     text-align: center;\n}\n.dpa_contacto{\n     height: 15%;\n     margin-bottom: 5px;\n     background-color: #effafc;\n     font-size: 0.7em;\n     padding-left: 9px;\n}\n.dpa_descrip{\n     height: 40%;\n     font-size: 0.7em;\n     margin: 0 auto;\n     text-align: center;\n     color: #282828;\n     text-align : justify;\n     padding-top: 40px;\n}\n.conte_dpa{\n      padding-left: 35px;\n}\n<\/style>\n<div class=\"conte_dpa\" id=\"prodesal\">\n<div class=\"dpa\">\n<div class=\"dpa_img\">\n          <img loading=\"lazy\" decoding=\"async\" src=\"https:\/\/www.putaendo.cl\/municipalidad\/wp-content\/uploads\/2018\/02\/icono-prodesal.png\" height=\"140\" width=\"140\">\n      <\/div>\n<div class=\"dpa_nom\">\n        <strong>Prodesal<\/strong>\n      <\/div>\n<div class=\"dpa_contacto\">\n         <center>Tel\u00e9fono:(34)2431566<br \/>\n         San Martin N\u00b0 636<\/center><br \/>\n         Ingeniero Agronomo: Claudia Pizarro Pi\u00f1a<br \/>\n         Veterinario: Sebastian Galleguillos R.<br \/>\n         e-mail: prodesal@putaendo.cl\n      <\/div>\n<div class=\"dpa_descrip\">\n         El Programa tiene por finalidad apoyar a los peque\u00f1os productores agr\u00edcolas y sus familias que desarrollan actividades silvoagropecuarias, en adelante agricultores, para fortalecer sus sistemas productivos y actividades conexas, procurando aumentar sus ingresos y mejorar su calidad de vida.\n     <\/div>\n<\/p><\/div>\n<div class=\"dpa\" id=\"informatica\">\n<div class=\"dpa_img\">\n          <img loading=\"lazy\" decoding=\"async\" src=\"https:\/\/www.putaendo.cl\/municipalidad\/wp-content\/uploads\/2018\/02\/icono-informatica.png\" height=\"140\" width=\"140\">\n      <\/div>\n<div class=\"dpa_nom\">\n        <strong>Inform\u00e1tica<\/strong>\n      <\/div>\n<div class=\"dpa_contacto\">\n         <center>Tel\u00e9fono: (34)2431570<br \/>\n         Prat N\u00b0 1 &#8211; Primer piso<\/center><br \/>\n         Encargada: C\u00e9sar D&#8217;Alencon V\u00e1squez<br \/>\n         e-mail: informatica.municipal@putaendo.cl\n      <\/div>\n<div class=\"dpa_descrip\">\n           La Unidad de Inform\u00e1tica tiene por objetivo mantener los sistemas inform\u00e1ticos de la Ilustre Municipalidad y de los equipos computacionales y colaborar a la optimizaci\u00f3n de los procedimientos administrativos, con el apoyo del hardware y\/o software que sean necesario.<\/p><\/div>\n<\/p><\/div>\n<\/div>\n","protected":false},"excerpt":{"rendered":"<p>Prodesal Tel\u00e9fono:(34)2431566 San Martin N\u00b0 636 Ingeniero Agronomo: Claudia Pizarro Pi\u00f1a Veterinario: Sebastian Galleguillos R. e-mail: prodesal@putaendo.cl El Programa tiene por finalidad apoyar a los peque\u00f1os productores agr\u00edcolas y sus <a href=\"https:\/\/www.putaendo.cl\/municipalidad\/departamentos\/administracion-municipal\/\" class=\"read-more button-fancy -red\"><span class=\"btn-arrow\"><\/span><span class=\"twp-read-more text\">Continue leyendo<\/span><\/a><\/p>\n","protected":false},"author":1,"featured_media":0,"parent":45,"menu_order":0,"comment_status":"closed","ping_status":"closed","template":"","meta":{"footnotes":""},"class_list":["post-778","page","type-page","status-publish","hentry"],"_links":{"self":[{"href":"https:\/\/www.putaendo.cl\/municipalidad\/wp-json\/wp\/v2\/pages\/778","targetHints":{"allow":["GET"]}}],"collection":[{"href":"https:\/\/www.putaendo.cl\/municipalidad\/wp-json\/wp\/v2\/pages"}],"about":[{"href":"https:\/\/www.putaendo.cl\/municipalidad\/wp-json\/wp\/v2\/types\/page"}],"author":[{"embeddable":true,"href":"https:\/\/www.putaendo.cl\/municipalidad\/wp-json\/wp\/v2\/users\/1"}],"replies":[{"embeddable":true,"href":"https:\/\/www.putaendo.cl\/municipalidad\/wp-json\/wp\/v2\/comments?post=778"}],"version-history":[{"count":10,"href":"https:\/\/www.putaendo.cl\/municipalidad\/wp-json\/wp\/v2\/pages\/778\/revisions"}],"predecessor-version":[{"id":1393,"href":"https:\/\/www.putaendo.cl\/municipalidad\/wp-json\/wp\/v2\/pages\/778\/revisions\/1393"}],"up":[{"embeddable":true,"href":"https:\/\/www.putaendo.cl\/municipalidad\/wp-json\/wp\/v2\/pages\/45"}],"wp:attachment":[{"href":"https:\/\/www.putaendo.cl\/municipalidad\/wp-json\/wp\/v2\/media?parent=778"}],"curies":[{"name":"wp","href":"https:\/\/api.w.org\/{rel}","templated":true}]}}