{"id":682,"date":"2018-02-12T15:02:44","date_gmt":"2018-02-12T15:02:44","guid":{"rendered":"http:\/\/www.putaendo.cl\/municipalidad\/?page_id=682"},"modified":"2024-03-27T11:49:27","modified_gmt":"2024-03-27T11:49:27","slug":"juzgado-de-policia-local","status":"publish","type":"page","link":"https:\/\/www.putaendo.cl\/municipalidad\/departamentos\/juzgado-de-policia-local\/","title":{"rendered":"Juzgado de Polic\u00eda Local"},"content":{"rendered":"<style type=\"text\/css\">\n.jpl-int{   \n   float: left;   \n   width : 48%;   \n   margin-right: 20px;\n}\n.jpl-inf{\n   margin-top: 30px;\n   float: left;\n   width: 98%;\n}\n.jpl-pla{\n   margin-top: 30px;\n   float: left;\n   width: 98%;\n}\n.a1{\n   background-color: #6db1ff;\n   font-weight: bold;\n   padding-left: 20px;\n   padding-right: 20px;\n}\n.a2{\n   background-color: #effafc;\n   padding-left: 20px;\n   padding-right: 20px;\n}\n.b1{\n   background-color: #6db1ff;\n   font-weight: bold;\n   padding-left: 20px;\n   padding-right: 20px;\n}\n.b2{\n   background-color: #effafc;\n   padding-left: 20px;\n   padding-right: 20px;\n}\n.c1{\n   background-color: #6db1ff;\n   font-weight: bold;\n   padding-left: 20px;\n   padding-right: 20px;\n}\n.c2{\n    background-color: #effafc;\n    margin-bottom: 10px;\n    padding-left: 20px;\n    padding-right: 20px;\n}\n<\/style>\n<div class=\"jpl-int\">\n<div class=\"a1\"><center>Horario de Atenci\u00f3n<\/center><\/div>\n<div class=\"a2\">Son los d\u00edas Lunes a Jueves a partir de las 08:00 hasta las 17:30 horas, los viernes desde las 08:00 hrs. hasta las 14:00 horas, d\u00edas que los infractores deber\u00e1n asistir para tramitar sus partes.<\/div>\n<\/div>\n<div class=\"jpl-int\">\n<div class=\"b1\"><center>Las audiencias del se\u00f1or Juez<\/center><\/div>\n<div class=\"b2\">Son los d\u00edas Lunes, martes y Mi\u00e9rcoles a partir de las 14:00 hasta las 16:00 horas, d\u00edas que los infractores deber\u00e1n asistir para tramitar sus partes.<\/div>\n<\/div>\n<div class=\"jpl-inf\">\n<div class=\"c1\">Los infractores deber\u00e1n asistir los d\u00edas en que asiste el se\u00f1or Juez,<\/div>\n<div class=\"c2\">inclusive si comparecen con antelaci\u00f3n, con su c\u00e9dula nacional de identidad y el parte policial.<\/div>\n<div class=\"c1\">Si el infractor viene a cancelar la multa ya impuesta por el Tribunal,<\/div>\n<div class=\"c2\">podr\u00e1 venir en cualquier horario de oficina, y antes del cierre de caja en Tesorer\u00eda Municipal 17:00 horas.<\/div>\n<\/div>\n<div class=\"jpl-pla\">\n<div class=\"b1\">Los escritos de plazo<\/div>\n<div class=\"b2\">deber\u00e1n ser entregados en las siguientes direcciones: Correo electr\u00f3nico: raul.rojas@putaendo.cl, o en Callejon Olegario Contreras n\u00b0 80, Panquehue. (solo para abogados).<\/div>\n<\/div>\n<div class=\"jpl-pla\">\n<div class=\"c1\">\u00bfCu\u00e1les son las principales competencias del Juzgado de Polic\u00eda Local?<\/div>\n<div class=\"c2\">Infracciones o contravenciones a la Ley de Tr\u00e1nsito, Ley n\u00ba 18.290.-a la Ley de Alcoholes, Ley n\u00ba 19.925.-a las Ordenanzas Municipales.-a la Ley General de Urbanismo y Construcci\u00f3n.-a la Ley de Rentas Municipales, Decreto n\u00ba 3.063.-a la Ley de Votaciones y Escrutinios.-a la Ley de Bosques.-a la Ley de Vigilancias Privadas, Ley n\u00ba 3.067 Decreto Supremo 1773 y 93. Otras Leyes Especiales.<\/div>\n<div class=\"c1\">\u00bfCu\u00e1l es la norma sobre la comparecencia ante el Juzgado de Polic\u00eda Local?<\/div>\n<div class=\"c2\">Por regla general deber\u00e1n comparecer personalmente. En caso de juicios en que se litiga sobre regulaci\u00f3n de da\u00f1os y perjuicios cuya cuant\u00eda exceda las 4 Unidades Tributarias Mensuales, deber\u00e1n ser patrocinadas por un abogado habilitado para el ejercicio de su profesi\u00f3n y constituir mandato judicial.<\/div>\n<div class=\"c1\">Conoce el nuevo formato de las boletas de citaci\u00f3n y que debemos tener en cuenta al momento de recibir un parte policial<\/div>\n<div class=\"c2\">En donde se defini\u00f3 en la parte izquierda parte baja de la boleta informaci\u00f3n relevante que indica lo siguiente: \u201cPara acogerse al beneficio del 25% de la multa, deber\u00e1 concurrir dentro de los cinco d\u00edas h\u00e1biles siguientes de efectuada la denuncia al Juzgado de Polic\u00eda Local (salvo Grav\u00edsimas). Las audiencias con el Juez son los d\u00edas Lunes y Mi\u00e9rcoles a las 10:00 horas y por \u00faltimo que para eliminar las anotaciones en su hoja de vida conductor, deber\u00e1 concurrir al Registro Civil e Identificaci\u00f3n\u201d. Sin duda alguna, este nuevo formato ser\u00e1 positivo para el ciudadano que quiera hacer efectivo el descuento que por ley lo beneficia.<br \/>\n<center><img loading=\"lazy\" decoding=\"async\" class=\"alignnone size-large wp-image-1667\" src=\"https:\/\/www.putaendo.cl\/municipalidad\/wp-content\/uploads\/2018\/04\/nueva-boleta-1024x794.jpg\" alt=\"\" width=\"640\" height=\"496\" srcset=\"https:\/\/www.putaendo.cl\/municipalidad\/wp-content\/uploads\/2018\/04\/nueva-boleta-1024x794.jpg 1024w, https:\/\/www.putaendo.cl\/municipalidad\/wp-content\/uploads\/2018\/04\/nueva-boleta-300x233.jpg 300w, https:\/\/www.putaendo.cl\/municipalidad\/wp-content\/uploads\/2018\/04\/nueva-boleta-768x595.jpg 768w\" sizes=\"auto, (max-width: 640px) 100vw, 640px\" \/><\/center><\/div>\n<div class=\"c1\">\u00bfCu\u00e1ndo opera el descuento del 25% del valor de la multa por infracciones a la Ley de Tr\u00e1nsito?<\/div>\n<div class=\"c2\">Cuando el infractor se presenta al Tribunal dentro de los primeros cinco d\u00edas h\u00e1biles contado de desde la fecha en que le cursaron el parte, incluyendo partes empadronados, tiene la posibilidad de acogerse al descuento del 25 % del valor de la multa. Este beneficio s\u00f3lo se acoge a las infracciones calificadas como grave, menos graves y leves, las infracciones que no gozan de este beneficio son las infracciones grav\u00edsimas, tales como, Luz roja sem\u00e1foro, se\u00f1al Pare, conducir sin haber obtenido Licencia, y por conducir a exceso de velocidad calificada como grav\u00edsima.<br \/>\nNota: Se incluye el d\u00eda s\u00e1bado como h\u00e1bil conforme al art. 27 de la Ley n\u00ba 18.287.<\/div>\n<div class=\"c1\">\u00bfQu\u00e9 es un exhorto?<\/div>\n<div class=\"c2\">Es una tramitaci\u00f3n judicial en que recae en las infracciones o contravenciones por infracci\u00f3n a la Ley de Tr\u00e1nsito cometidas por conductores de veh\u00edculos, en lugares o caminos alejados de la residencia del denunciado. El infractor podr\u00e1 solicitar dicho parte por exhorto al Juzgado de Polic\u00eda Local de su comuna.<\/div>\n<div class=\"c1\">\u00bfCu\u00e1l es la tramitaci\u00f3n del exhorto?<\/div>\n<div class=\"c2\">Usted deber\u00e1 comparecer al Juzgado de Polic\u00eda Local de su comuna, m\u00e1ximo 5 d\u00edas de anticipaci\u00f3n a la fecha de citaci\u00f3n indicada en la boleta del parte o citaci\u00f3n; deber\u00e1 acreditar domicilio de la comuna en que reside ya sea con un certificado de residencia o boletas de pago de consumo; adjuntar el parte policial o citaci\u00f3n y presentar c\u00e9dula nacional de identidad. No se tramitan exhortos que se encuentran atrasados.<br \/>\nNota: El infractor deber\u00e1 cancelar un derecho municipal correspondiente al 10% de la Unidad Tributaria Mensual en estampillas para el permiso provisorio de conducir, este permiso se le otorgar\u00e1 hasta por treinta d\u00edas, siempre que la infracci\u00f3n denunciadas no se refiera a falta de licencia o al hecho de encontrase vencida.<\/div>\n<div class=\"c1\">\u00bfPuede retirar la Licencia de Conducir retenida por el Tribunal otra persona que no sea el infractor?<\/div>\n<div class=\"c2\">S\u00ed, previo pago de la multa establecida y cumpliendo con la suspensi\u00f3n si fuere el caso, deber\u00e1 presentar una carta poder simple notarial autorizando a qui\u00e9n lo solicite.<\/div>\n<div class=\"c1\">\u00bfC\u00f3mo retiro un veh\u00edculo motorizado retenido en el Juzgado de Polic\u00eda Local?<\/div>\n<div class=\"c2\">Primeramente el infractor deber\u00e1 cancelar la multa por infracci\u00f3n al tr\u00e1nsito u otra causal, impuesta por el Tribunal, luego se le har\u00e1 entrega del veh\u00edculo motorizado a quien figure ser propietario, acreditando el dominio con el padr\u00f3n o certificado de inscripci\u00f3n en el Registro de Veh\u00edculos Motorizados.<\/div>\n<div class=\"c1\">\u00bfQu\u00e9 es un parte empadronado?<\/div>\n<div class=\"c2\">Son las denuncias por infracci\u00f3n a la ley de Tr\u00e1nsito cursadas a un veh\u00edculo particular, por encontrarse estacionado o detenido en un lugar prohibido y se\u00f1alizado. El responsable de tal infracci\u00f3n ser\u00e1 en todo evento el propietario inscrito en el registro de veh\u00edculos motorizados, sino concurriere el conductor. Estas infracciones podr\u00e1n ser cursadas por Carabineros de Chile o Inspector Municipal.<\/div>\n<div class=\"c1\">\u00bfQu\u00e9 ocurre si no se paga una infracci\u00f3n a la Ley de Tr\u00e1nsito?<\/div>\n<div class=\"c2\">Si el infractor no pagase la multa impuesta por el Juzgado de Polic\u00eda Local, por infracci\u00f3n a la Ley de Tr\u00e1nsito, clasificadas como graves y grav\u00edsimas, el Juez remitir\u00e1 los antecedentes al Registro de Multas de Tr\u00e1nsito No Pagadas, esta anotaci\u00f3n le impedir\u00e1 a futuro la renovaci\u00f3n de su licencia de conducir.<\/div>\n<div class=\"c1\">\u00bfC\u00f3mo se eliminan las anotaciones por infracci\u00f3n a la Ley de Tr\u00e1nsito en el Registro de Multas de Tr\u00e1nsito No Pagadas?<\/div>\n<div class=\"c2\">La Ley 19.902, publicada el 09 de octubre del a\u00f1o 2.013, permite la eliminaci\u00f3n de las siguientes anotaciones de este Registro:<br \/>\nLas sentencias ejecutoriadas de condenas por infracciones grav\u00edsimas tipificadas en la Ley de Tr\u00e1nsito, una vez trascurridos tres a\u00f1os, contados desde la fecha de la anotaci\u00f3n en el Registro.sentencias ejecutoriadas de condenas por infracciones graves, se podr\u00e1n eliminar trascurridos dos a\u00f1os, contados desde la fecha de su respectiva anotaci\u00f3n en el Registro.<br \/>\nNota: Las eliminaciones de estas infracciones se solicitan en cualquier oficina del Registro Civil e Identificaciones del pa\u00eds, pagando un arancel respectivo.<\/div>\n<\/div>\n","protected":false},"excerpt":{"rendered":"<p>Horario de Atenci\u00f3n Son los d\u00edas Lunes a Jueves a partir de las 08:00 hasta las 17:30 horas, los viernes desde las 08:00 hrs. hasta las 14:00 horas, d\u00edas que <a href=\"https:\/\/www.putaendo.cl\/municipalidad\/departamentos\/juzgado-de-policia-local\/\" class=\"read-more button-fancy -red\"><span class=\"btn-arrow\"><\/span><span class=\"twp-read-more text\">Continue leyendo<\/span><\/a><\/p>\n","protected":false},"author":1,"featured_media":0,"parent":45,"menu_order":0,"comment_status":"closed","ping_status":"closed","template":"","meta":{"footnotes":""},"class_list":["post-682","page","type-page","status-publish","hentry"],"_links":{"self":[{"href":"https:\/\/www.putaendo.cl\/municipalidad\/wp-json\/wp\/v2\/pages\/682","targetHints":{"allow":["GET"]}}],"collection":[{"href":"https:\/\/www.putaendo.cl\/municipalidad\/wp-json\/wp\/v2\/pages"}],"about":[{"href":"https:\/\/www.putaendo.cl\/municipalidad\/wp-json\/wp\/v2\/types\/page"}],"author":[{"embeddable":true,"href":"https:\/\/www.putaendo.cl\/municipalidad\/wp-json\/wp\/v2\/users\/1"}],"replies":[{"embeddable":true,"href":"https:\/\/www.putaendo.cl\/municipalidad\/wp-json\/wp\/v2\/comments?post=682"}],"version-history":[{"count":95,"href":"https:\/\/www.putaendo.cl\/municipalidad\/wp-json\/wp\/v2\/pages\/682\/revisions"}],"predecessor-version":[{"id":4176,"href":"https:\/\/www.putaendo.cl\/municipalidad\/wp-json\/wp\/v2\/pages\/682\/revisions\/4176"}],"up":[{"embeddable":true,"href":"https:\/\/www.putaendo.cl\/municipalidad\/wp-json\/wp\/v2\/pages\/45"}],"wp:attachment":[{"href":"https:\/\/www.putaendo.cl\/municipalidad\/wp-json\/wp\/v2\/media?parent=682"}],"curies":[{"name":"wp","href":"https:\/\/api.w.org\/{rel}","templated":true}]}}