{"id":51,"date":"2018-02-02T15:41:42","date_gmt":"2018-02-02T15:41:42","guid":{"rendered":"http:\/\/www.putaendo.cl\/municipalidad\/?page_id=51"},"modified":"2018-03-19T18:08:32","modified_gmt":"2018-03-19T18:08:32","slug":"historia","status":"publish","type":"page","link":"https:\/\/www.putaendo.cl\/municipalidad\/historia\/","title":{"rendered":"Historia"},"content":{"rendered":"<style type=\"text\/css\">\n.imgP-1{\n     border: solid;\n     height: 500px;\n     margin-bottom: 20px;\n}\n.imgP-2{\n     height: 225px;\n     width: 300px;\n     float: left;\n     margin-right: 20px;\n     -webkit-box-shadow: -10px 15px 27px -4px rgba(0,0,0,0.75);\n-moz-box-shadow: -10px 15px 27px -4px rgba(0,0,0,0.75);\nbox-shadow: -10px 15px 27px -4px rgba(0,0,0,0.75);\n    margin-bottom: 20px;\n}\n.imgP-3{\n     height: 370px;\n     width: 500px;\n     float: right;\n     margin-left: 20px;\n     -webkit-box-shadow: 11px 15px 27px -4px rgba(0,0,0,0.75);\n-moz-box-shadow: 11px 15px 27px -4px rgba(0,0,0,0.75);\nbox-shadow: 11px 15px 27px -4px rgba(0,0,0,0.75);\n    margin-bottom: 20px;\n}\n<\/style>\n<div class=\"imgP-1\">\n  <iframe loading=\"lazy\" width=\"100%\" height=\"100%\" src=\"https:\/\/www.youtube.com\/embed\/Wn6izc_IYzU?rel=0&amp;autoplay=1\" frameborder=\"0\" allow=\"autoplay; encrypted-media\" allowfullscreen><\/iframe>\n<\/div>\n<p>Putaendo, tiene varios significados: (en mapudung\u00fan: Putraint\u00fa o Puthrayghent\u00fa, \u00abmanantiales que brotan en pantanos\u00bb, lugar de pataguas, r\u00edo pedregoso, pantano peque\u00f1o, paraje de rinconada). Es un antiguo pueblo de habitantes prehisp\u00e1nicos cazadores recolectores, que atrajo poblaci\u00f3n espa\u00f1ola por la minas de oro descubiertas a mediados del siglo XVIII en los alrededores. Poco a poco se form\u00f3 su centro de poblaci\u00f3n y se construy\u00f3 la iglesia de San Antonio. El 20 de marzo de 1831, la Asamblea de Aconcagua le otorg\u00f3 el t\u00edtulo de villa.<\/p>\n<div class=\"imgP-2\">\n     <img decoding=\"async\" src=\"https:\/\/www.putaendo.cl\/municipalidad\/wp-content\/uploads\/2018\/02\/pimiento-zapla.jpg\">\n<\/div>\n<p>San Antonio de la Uni\u00f3n de Putaendo, fue el primer poblado al que lleg\u00f3 el ej\u00e9rcito patriota en 1817 \u00abPrimer pueblo libre\u00bb, ingresando por el sector Los Patos. Cuatro siglos antes, en 1485 durante la invasi\u00f3n inc\u00e1sica de T\u00fapac Yupanqui, su hijo Huaina C\u00e1pac cruz\u00f3 el macizo andino y descendi\u00f3 por este valle, acampando en Putaendo e incorporando el valle de Aconcagua a la civilizaci\u00f3n inc\u00e1sica. Tambi\u00e9n se detuvo aqu\u00ed la expedici\u00f3n de avanzada de Diego de Almagro en 1536.<\/p>\n<p>Se registra el ingreso de Don Pedro de Valdivia hacia el valle del Mapocho en el a\u00f1o 1541. La raz\u00f3n del tr\u00e1nsito de incas y espa\u00f1oles se debe a que el \u00abcamino del inca\u00bb pasaba por este valle. Dicha ruta fue la comunicaci\u00f3n m\u00e1s expedita entre las tribus de los valles de La Ligua, Aconcagua y Mapocho.<\/p>\n<p>Geogr\u00e1ficamente, el valle del r\u00edo Putaendo se ubica en la zona septentrional de la zona central de Chile y su pertenencia a la cuenca del r\u00edo Aconcagua lo ubica en una zona de transici\u00f3n tanto geomorfol\u00f3gica.<\/p>\n<div class=\"imgP-3\">\n     <img decoding=\"async\" src=\"https:\/\/www.putaendo.cl\/municipalidad\/wp-content\/uploads\/2018\/02\/Sendero-de-Chile.jpg\">\n<\/div>\n<p>El r\u00edo nace como caj\u00f3n precordillerano de la uni\u00f3n de sus tributarios principales, el estero Chalaco y el R\u00edo Roc\u00edn, a la altura de la localidad de Resguardo de Los Patos. Progresivamente, su caja fluvial se va ensanchando y luego de recorre aproximadamente 34 km, une sus aguas a las del r\u00edo Aconcagua en el marco de un amplio valle con terrazas fluviales de importante desarrollo, en las cercan\u00edas de la ciudad de San Felipe. el r\u00edo y sus afluentes riegan una cuenca total que alcanza los 1.192 km\u00b2.<\/p>\n<p>En la actualidad el valle corresponde a las comunas de Putaendo y San Felipe, pertenecientes a la provincia de San Felipe de Aconcagua, Quinta Regi\u00f3n de Valpara\u00edso, y las principales actividades econ\u00f3micas son las agricultura, la ganader\u00eda y la peque\u00f1a y mediana miner\u00edas.<\/p>\n<p>Putaendo pertenece al Distrito Electoral N\u00b0 11 y a la Quinta Circunscripci\u00f3n Senatorial (Valpara\u00edso Cordillera). La Ilustre Municipalidad de Putaendo es dirigida por el Alcalde Guillermo Reyes Cortez, el cual es asesorado por los concejales Sergio Zamora Mu\u00f1oz, Julio Aravena C\u00e9spedes, Fabi\u00e1n Rojas Andrade, Marta Silva Olgu\u00edn, Octavio Casas Lazcano, Marcela Zamora Salinas.<\/p>\n<div class=\"imgP-1\">\n  <iframe loading=\"lazy\" width=\"100%\" height=\"100%\" src=\"https:\/\/www.youtube.com\/embed\/7jH97oH-rJc\" frameborder=\"0\" allow=\"autoplay; encrypted-media\" allowfullscreen><\/iframe>\n<\/div>\n","protected":false},"excerpt":{"rendered":"<p>Putaendo, tiene varios significados: (en mapudung\u00fan: Putraint\u00fa o Puthrayghent\u00fa, \u00abmanantiales que brotan en pantanos\u00bb, lugar de pataguas, r\u00edo pedregoso, pantano peque\u00f1o, paraje de rinconada). Es un antiguo pueblo de habitantes <a href=\"https:\/\/www.putaendo.cl\/municipalidad\/historia\/\" class=\"read-more button-fancy -red\"><span class=\"btn-arrow\"><\/span><span class=\"twp-read-more text\">Continue leyendo<\/span><\/a><\/p>\n","protected":false},"author":1,"featured_media":0,"parent":0,"menu_order":0,"comment_status":"closed","ping_status":"closed","template":"","meta":{"footnotes":""},"class_list":["post-51","page","type-page","status-publish","hentry"],"_links":{"self":[{"href":"https:\/\/www.putaendo.cl\/municipalidad\/wp-json\/wp\/v2\/pages\/51","targetHints":{"allow":["GET"]}}],"collection":[{"href":"https:\/\/www.putaendo.cl\/municipalidad\/wp-json\/wp\/v2\/pages"}],"about":[{"href":"https:\/\/www.putaendo.cl\/municipalidad\/wp-json\/wp\/v2\/types\/page"}],"author":[{"embeddable":true,"href":"https:\/\/www.putaendo.cl\/municipalidad\/wp-json\/wp\/v2\/users\/1"}],"replies":[{"embeddable":true,"href":"https:\/\/www.putaendo.cl\/municipalidad\/wp-json\/wp\/v2\/comments?post=51"}],"version-history":[{"count":54,"href":"https:\/\/www.putaendo.cl\/municipalidad\/wp-json\/wp\/v2\/pages\/51\/revisions"}],"predecessor-version":[{"id":1554,"href":"https:\/\/www.putaendo.cl\/municipalidad\/wp-json\/wp\/v2\/pages\/51\/revisions\/1554"}],"wp:attachment":[{"href":"https:\/\/www.putaendo.cl\/municipalidad\/wp-json\/wp\/v2\/media?parent=51"}],"curies":[{"name":"wp","href":"https:\/\/api.w.org\/{rel}","templated":true}]}}