{"id":45,"date":"2018-02-02T15:41:41","date_gmt":"2018-02-02T15:41:41","guid":{"rendered":"http:\/\/www.putaendo.cl\/municipalidad\/?page_id=45"},"modified":"2024-03-26T13:05:40","modified_gmt":"2024-03-26T13:05:40","slug":"departamentos","status":"publish","type":"page","link":"https:\/\/www.putaendo.cl\/municipalidad\/departamentos\/","title":{"rendered":"Departamentos"},"content":{"rendered":"<style type=\"text\/css\"> \n.dpa{\n     float: left;\n     width : 330px;\n     height: 780px;\n     margin-right: 30px;\n     word-wrap: break-wor;\n     \/*overflow: auto;*\/\n     margin-bottom: 50px;\n     background-color:#effdff;\n     -webkit-box-shadow: 3px 4px 51px 0px rgba(0,0,0,0.75);\n     -moz-box-shadow: 3px 4px 51px 0px rgba(0,0,0,0.75);\n     box-shadow: 3px 4px 51px 0px rgba(0,0,0,0.75);\n     border-radius: 5px;\n     padding-left: 20px;\n     padding-right: 20px;\n}\n.dpa_img{\n     height: 20%;\n     margin-bottom: 5px;\n     background-color: #effafc;\n     margin: 0 auto;\n     text-align: center;\n     padding-top: 10px;\n}\n.dpa_nom{\n     height: 9%;<\/p>\n<p>     margin: 0 auto;\n     text-align: center;\n}\n.dpa_contacto{\n     height: 14%;\n     margin-bottom: 5px;\n     background-color: #effafc;\n     font-size: 0.7em;\n     padding-left: 9px;\n}\n.dpa_descrip{\n     height: 33%;\n     font-size: 0.7em;\n     margin: 0 auto;\n     text-align: center;\n     color: #282828;\n     text-align : justify;\n     padding-top: 18px;\n     margin-top: 20px;\n}\n.conte_dpa{\n      padding-left: 35px;\n}\n.lista-dpmt{\n      font-size: 0.7em;\n      line-height: normal;\n      list-style: none;\n      margin: 0 auto;\n}<\/p>\n<\/style>\n<div id=\"administracion\" class=\"conte_dpa\">\n<div class=\"dpa\">\n<div class=\"dpa_img\"><img loading=\"lazy\" decoding=\"async\" src=\"https:\/\/www.putaendo.cl\/municipalidad\/wp-content\/uploads\/2018\/02\/icono-administrador.png\" width=\"140\" height=\"140\" \/><\/div>\n<div class=\"dpa_nom\"><strong>Administraci\u00f3n Municipal<\/strong><\/div>\n<div class=\"dpa_contacto\"><center>Tel\u00e9fono: (34)2431512<br \/>\nPrat N\u00b0 1 &#8211; Segundo piso<\/center><br \/>\nAdministrador: Mirna Humeres Grenett<br \/>\ne-mail: mirna.humeres@putaendo.cl<\/div>\n<div class=\"dpa_descrip\">Las funciones del administrador municipal est\u00e1n se\u00f1aladas en el art\u00edculo 30 de la Ley N\u00b0 18.695 Org\u00e1nica Constitucional de Municipalidades, siendo estas la de colaborar en las tareas de coordinaci\u00f3n y gesti\u00f3n permanente del municipio, y en la elaboraci\u00f3n y seguimiento del plan anual de acci\u00f3n municipal y ejercer\u00e1 las atribuciones que se\u00f1ale el reglamento municipal y las que delegue el Alcalde, siempre que est\u00e9n vinculadas con la naturaleza de su cargo.<\/div>\n<p><\/br><\/p>\n<div class=\"lista-dpmt\">\n<ul>\n<li><a href=\"https:\/\/www.putaendo.cl\/municipalidad\/departamentos\/administracion-municipal\/\">Enlace a otros departamentos<\/a><\/li>\n<li>&#8211; Inform\u00e1tica<\/li>\n<\/ul>\n<\/div>\n<\/div>\n<div id=\"secretaria_municipal\" class=\"dpa\">\n<div class=\"dpa_img\"><img loading=\"lazy\" decoding=\"async\" src=\"https:\/\/www.putaendo.cl\/municipalidad\/wp-content\/uploads\/2018\/02\/icono-secretar\u00eda.png\" width=\"135\" height=\"135\" \/><\/div>\n<div class=\"dpa_nom\"><strong>Secretar\u00eda Municipal<\/strong><\/div>\n<div class=\"dpa_contacto\"><center>Tel\u00e9fono: (34)2431513<br \/>\nPrat N\u00b0 1 &#8211; Segundo piso<\/center><br \/>\nSecretario: Edison Lucero Segura<br \/>\ne-mail: secretario.municipal@putaendo.cl<\/div>\n<div class=\"dpa_descrip\">La secretar\u00eda municipal y\/o secretar\u00eda municipal, que tiene como funciones gen\u00e9ricas, dirigir las actividades de secretar\u00eda administrativa del Alcalde y del Honorable Concejo Municipal, y desempe\u00f1arse como Ministro de fe en todas las actuaciones Municipales. De la secretar\u00eda depender\u00e1 la secci\u00f3n central de documentaci\u00f3n, la oficina de partes y reclamos.<\/div>\n<div class=\"lista-dpmt\">\n<ul>\n<li><a href=\"https:\/\/www.putaendo.cl\/municipalidad\/departamentos\/secretaria-municipal\/\">Enlace a otros departamentos<\/a><\/li>\n<li>&#8211; Oficina de Partes<\/li>\n<li>&#8211; OIRS<\/li>\n<\/ul>\n<\/div>\n<\/div>\n<div id=\"jpl\" class=\"dpa\">\n<div class=\"dpa_img\"><img loading=\"lazy\" decoding=\"async\" src=\"https:\/\/www.putaendo.cl\/municipalidad\/wp-content\/uploads\/2018\/02\/icono-juzgado-de-policia.png\" width=\"140\" height=\"140\" \/><\/div>\n<div class=\"dpa_nom\"><strong>Juzgado de Polic\u00eda Local<\/strong><\/div>\n<div class=\"dpa_contacto\"><center>Tel\u00e9fono: (34)2431502<br \/>\nPrat N\u00b0 1 &#8211; Primer piso<\/center><br \/>\nJuez: Guido Witto Grbic<br \/>\ne-mail: guido.witto@putaendo.cl<\/div>\n<div class=\"dpa_descrip\">El Juzgado de Polic\u00eda Local es un Tribunal Especial que se preocupa de los asuntos judiciales dentro de la comuna, norma que se establecen en la Ley 15.231, sobre Organizaci\u00f3n y Atribuciones de los Juzgados de Polic\u00eda Local. El Juez es la m\u00e1xima autoridad del Tribunal, cumpliendo la funci\u00f3n de jefatura del personal de tribunal, adem\u00e1s de cumplir funciones y atribuciones que le confiere la Ley.<\/div>\n<div class=\"lista-dpmt\">\n<ul>\n<li><a href=\"https:\/\/www.putaendo.cl\/municipalidad\/departamentos\/juzgado-de-policia-local\/\">M\u00e1s Informaci\u00f3n<\/a><\/li>\n<\/ul>\n<\/div>\n<\/div>\n<div id=\"direccion_control\" class=\"dpa\">\n<div class=\"dpa_img\"><img loading=\"lazy\" decoding=\"async\" src=\"https:\/\/www.putaendo.cl\/municipalidad\/wp-content\/uploads\/2018\/02\/icono-Control.png\" width=\"135\" height=\"135\" \/><\/div>\n<div class=\"dpa_nom\"><strong>Direcci\u00f3n de Control<\/strong><\/div>\n<div class=\"dpa_contacto\"><center>Tel\u00e9fono: (34)2431574<br \/>\nPrat N\u00b0 1 &#8211; Primero Piso<\/center><br \/>\nDirectora: Consuelo Galdamez Espinoza<br \/>\ne-mail: control@putaendo.cl<\/div>\n<div class=\"dpa_descrip\">La Unidad de Control es la encargada de realizar las auditor\u00edas operativas internas de la Municipalidad con el objetivo de fiscalizar la legalidad y eficiencia de su actuaci\u00f3n. Controlar la ejecuci\u00f3n financiera y presupuestaria y representar al concejo de d\u00e9ficit que advierta en el presupuesto municipal, a lo menos trimestrales, entre otras funciones.<\/div>\n<\/div>\n<div id=\"administracion_finanzas\" class=\"dpa\">\n<div class=\"dpa_img\"><img loading=\"lazy\" decoding=\"async\" src=\"https:\/\/www.putaendo.cl\/municipalidad\/wp-content\/uploads\/2018\/02\/icono-administracion-y-finanzas.png\" width=\"135\" height=\"135\" \/><\/div>\n<div class=\"dpa_nom\"><strong>Direcci\u00f3n de Administraci\u00f3n y Finanzas<\/strong><\/div>\n<div class=\"dpa_contacto\"><center>Tel\u00e9fono: (34)2431528<br \/>\nPrat N\u00b0 1 &#8211; Primero Piso<\/center><br \/>\nDirectora: Mar\u00eda Delgado Tapia<br \/>\ne-mail: finanzas@putaendo.cl<\/div>\n<div class=\"dpa_descrip\">Tiene como funci\u00f3n la administraci\u00f3n financiera de los bienes municipales. Tambi\u00e9n lleva a cabo los procesos de compras, a trav\u00e9s de los sistemas dispuestos para ello y de acuerdo a la normativa vigente.<\/div>\n<div class=\"lista-dpmt\">\n<ul>\n<li><a href=\"https:\/\/www.putaendo.cl\/municipalidad\/departamentos\/direccion-de-administracion-y-finanzas\/\">Enlace a otros departamentos<\/a><\/li>\n<li>&#8211; Departamento de Personal<\/li>\n<li>&#8211; Departamento de Tesorer\u00eda<\/li>\n<li>&#8211; Departamento de Rentas<\/li>\n<li>&#8211; Oficina de Adquisiciones<\/li>\n<\/ul>\n<\/div>\n<\/div>\n<div id=\"direccion_transito\" class=\"dpa\">\n<div class=\"dpa_img\"><img loading=\"lazy\" decoding=\"async\" src=\"https:\/\/www.putaendo.cl\/municipalidad\/wp-content\/uploads\/2018\/02\/icono-transito.png\" width=\"135\" height=\"135\" \/><\/div>\n<div class=\"dpa_nom\"><strong>Direcci\u00f3n de Tr\u00e1nsito<\/strong><\/div>\n<div class=\"dpa_contacto\"><center>Tel\u00e9fono: (34)2431572<br \/>\nPrat N\u00b0 1 &#8211; Primero Piso<\/center><br \/>\nDirector: Cristian P\u00e9rez Silva<br \/>\ne-mail: directordetransito@putaendo.cl<\/div>\n<div class=\"dpa_descrip\">Esta Direcci\u00f3n se preocupa de gestionar y optimizar el uso de las v\u00edas compatibilizando los intereses de los conductores, pasajeros y peatones, con el objetivo de lograr rapidez y seguridad en los desplazamientos, desplegando para ello la se\u00f1alizaci\u00f3n de tr\u00e1nsito necesaria y los elementos de control para gesti\u00f3n de la v\u00edas.<\/div>\n<div class=\"lista-dpmt\">\n<ul>\n<li><a href=\"https:\/\/www.putaendo.cl\/municipalidad\/departamentos\/direccion-de-transito\/\">Enlace a otros departamentos<\/a><\/li>\n<li>&#8211; Permisos de circulaci\u00f3n<\/li>\n<li>&#8211; Licencias de conducir<\/li>\n<\/ul>\n<\/div>\n<\/div>\n<div id=\"dom\" class=\"dpa\">\n<div class=\"dpa_img\"><img loading=\"lazy\" decoding=\"async\" src=\"https:\/\/www.putaendo.cl\/municipalidad\/wp-content\/uploads\/2018\/02\/icono-obras-municipales.png\" width=\"135\" height=\"135\" \/><\/div>\n<div class=\"dpa_nom\"><strong>Direcci\u00f3n de Obras Municipales<\/strong><\/div>\n<div class=\"dpa_contacto\"><center>Tel\u00e9fono: (34)2431559<br \/>\nSan Martin N\u00b0 636<\/center><br \/>\nDirector: Jorge Reyes Pi\u00f1a<br \/>\ne-mail: dom@putaendo.cl<\/div>\n<div class=\"dpa_descrip\">Conforme al art\u00edculo 1.4.3. de la Ordenanza General de Urbanismo y Construcciones, al Ministerio de Vivienda y Urbanismo, le compete elaborar los Formularios \u00danicos Nacionales en relaci\u00f3n con cada actuaci\u00f3n que los interesados realicen en la Direcci\u00f3n de Obras Municipal.<\/div>\n<div class=\"lista-dpmt\">\n<ul>\n<li><a href=\"https:\/\/www.putaendo.cl\/municipalidad\/departamentos\/direccion-de-obras-municipales\/\">Enlace a otros departamentos<\/a><\/li>\n<li>&#8211; Servicios Generales<\/li>\n<li>&#8211; Oficina de Emergencias<\/li>\n<\/ul>\n<\/div>\n<\/div>\n<div id=\"secplac\" class=\"dpa\">\n<div class=\"dpa_img\"><img loading=\"lazy\" decoding=\"async\" src=\"https:\/\/www.putaendo.cl\/municipalidad\/wp-content\/uploads\/2018\/02\/icono-secretaria-comunal.png\" width=\"135\" height=\"135\" \/><\/div>\n<div class=\"dpa_nom\"><strong>Secretar\u00eda de Planificaci\u00f3n Comunal<\/strong><\/div>\n<div class=\"dpa_contacto\"><center>Tel\u00e9fono: (34)2431560<br \/>\nSan Martin N\u00b0 642<\/center><br \/>\nDirector: Crist\u00f3bal Murillo Farias<br \/>\ne-mail: secplan@putaendo.cl<\/div>\n<div class=\"dpa_descrip\">La Secretar\u00eda Comunal de Planificaci\u00f3n es una unidad que asesora del Alcalde y del Concejo en la elaboraci\u00f3n de la estrategia Municipal, como asimismo en la definici\u00f3n de las pol\u00edticas y en la elaboraci\u00f3n coordinaci\u00f3n y evaluaci\u00f3n de los planes, programas y proyectos de desarrollo comunal.<\/div>\n<div class=\"lista-dpmt\"><\/div>\n<\/div>\n<div id=\"dideco\" class=\"dpa\">\n<div class=\"dpa_img\"><img loading=\"lazy\" decoding=\"async\" src=\"https:\/\/www.putaendo.cl\/municipalidad\/wp-content\/uploads\/2018\/02\/icono-desarrollo-comunitario.png\" width=\"135\" height=\"135\" \/><\/div>\n<div class=\"dpa_nom\"><strong>Direcci\u00f3n de Desarrollo Comunitario<\/strong><\/div>\n<div class=\"dpa_contacto\"><center>Tel\u00e9fono: (34)2431563<br \/>\nSan martin 733<\/center><br \/>\nDirectora: Juan M\u00e1rquez Calder\u00f3n<br \/>\ne-mail: dideco@putaendo.cl<\/div>\n<div class=\"dpa_descrip\">Su principal funci\u00f3n es prestar asesor\u00eda t\u00e9cnica a las organizaciones comunitarias, fomentar su desarrollo y legalizaci\u00f3n y promover su efectiva y permanente participaci\u00f3n en el municipio. Ejecutar medidas relacionadas con educaci\u00f3n y cultura, capacitaci\u00f3n laboral, deportes y recreaci\u00f3n, promoci\u00f3n del empleo.<\/div>\n<div class=\"lista-dpmt\">\n<ul>\n<li><a href=\"https:\/\/www.putaendo.cl\/municipalidad\/departamentos\/direccion-de-desarrollo-comunitario\/\">Enlace a otros departamentos<\/a><\/li>\n<li>&#8211; Social &#8211; Senda Previene<\/li>\n<li>&#8211; OMIL &#8211; OPD &#8211; EGIS<\/li>\n<li>&#8211; Jefas de Hogar &#8211; Autoconsumo<\/li>\n<li>&#8211; Programa Vinculo &#8211; Habitabilidad<\/li>\n<li>&#8211; Registro Social de Hogares<\/li>\n<li>&#8211; Chile Crece Contigo &#8211; SSYOO<\/li>\n<li>&#8211; Prodesal &#8211; Cultura<\/li>\n<\/ul>\n<\/div>\n<\/div>\n<div id=\"daem\" class=\"dpa\">\n<div class=\"dpa_img\"><img loading=\"lazy\" decoding=\"async\" src=\"https:\/\/www.putaendo.cl\/municipalidad\/wp-content\/uploads\/2018\/02\/icono-logo-daem.png\" width=\"135\" height=\"135\" \/><\/div>\n<div class=\"dpa_nom\"><strong>Direcci\u00f3n de Administraci\u00f3n de Educaci\u00f3n Municipal<\/strong><\/div>\n<div class=\"dpa_contacto\"><center>Tel\u00e9fono: (342)501195<br \/>\nChacabuco N\u00b0 470<\/center><br \/>\nDirector: Carmen Tognia<br \/>\ne-mail: carmen.tognia@putaendo.cl<\/div>\n<div class=\"dpa_descrip\">Procurar las condiciones \u00f3ptimas para el desarrollo del proceso educativo en los establecimientos de ense\u00f1anza a cargo de la municipalidad. Asumir la direcci\u00f3n administrativa de los establecimientos de educaci\u00f3n municipal, en conformidad con la disposiciones legares pertinentes. Promover los recursos humanos, financieros y materiales necesarios para el normal desarrollo de las actividades educativas.<\/div>\n<div class=\"lista-dpmt\">\n<ul>\n<li><a href=\"https:\/\/www.daemputaendo.cl\">Ir a Sitio Web<\/li>\n<\/ul>\n<\/div>\n<\/div>\n<div id=\"CESFAM\" class=\"dpa\">\n<div class=\"dpa_img\"><img loading=\"lazy\" decoding=\"async\" src=\"https:\/\/www.putaendo.cl\/municipalidad\/wp-content\/uploads\/2018\/02\/icono-logo-cesfam.png\" width=\"135\" height=\"135\" \/><\/div>\n<div class=\"dpa_nom\"><strong>CESFAM Valle de los Libertadores<\/strong><\/div>\n<div class=\"dpa_contacto\"><center>Tel\u00e9fono: (34)2431565<br \/>\nAvenida Alessandri N\u00b0 186<\/center><br \/>\nDirectora: Juan Francisco Madariaga Mu\u00f1oz<br \/>\ne-mail: deptosalud@putaendo.cl<\/div>\n<div class=\"dpa_descrip\">Asegurar la \u00f3ptima entrega de las atenciones que otorgan los servicios de salud municipal a los habitantes de la comuna que acuden a los diferentes consultarios. Asumir la direcci\u00f3n administrativa de los establecimientos de Salud Municipal, en conformidad a las disposiciones legales vigentes.<\/div>\n<div class=\"lista-dpmt\">\n<ul>\n<li>Ir a Sitio Web<\/li>\n<\/ul>\n<\/div>\n<\/div>\n<div class=\"dpa\">\n<div class=\"dpa_img\"><img loading=\"lazy\" decoding=\"async\" src=\"https:\/\/www.putaendo.cl\/municipalidad\/wp-content\/uploads\/2018\/02\/icono-comunicaciones.png\" width=\"135\" height=\"135\" \/><\/div>\n<div class=\"dpa_nom\"><strong>Comunicaciones<\/strong><\/div>\n<div class=\"dpa_contacto\"><center>Tel\u00e9fono: (34)2434315<br \/>\nPrat N\u00b0 1 &#8211; Segundo piso<\/center><br \/>\nEncargado: Luis Apablaza<br \/>\ne-mail: comunicaciones@putaendo.cl<\/div>\n<div class=\"dpa_descrip\">Entre sus principales responsabilidades est\u00e1 la elaboraci\u00f3n y desarrollo del plan de comunicaci\u00f3n estrat\u00e9gica del municipio interno y externo (vecinos), entendido como las acciones que permiten establecer y mantener la presencia, posicionamiento, validaci\u00f3n.<\/div>\n<\/div>\n<div id=\"juridica\" class=\"dpa\">\n<div class=\"dpa_img\"><img loading=\"lazy\" decoding=\"async\" src=\"https:\/\/www.putaendo.cl\/municipalidad\/wp-content\/uploads\/2019\/12\/icono-juridico.png\" width=\"135\" height=\"135\" \/><\/div>\n<div class=\"dpa_nom\"><strong>Direcci\u00f3n de Asesor\u00eda Jur\u00eddica<\/strong><\/div>\n<div class=\"dpa_contacto\"><center>Tel\u00e9fono: (34)2431529<br \/>\nPrat N\u00b0 1 &#8211; Primer piso<\/center><br \/>\nEncargado: Carolina Vergara Moreno<br \/>\ne-mail: carolina.vergara@putaendo.cl<\/div>\n<div class=\"dpa_descrip\">Esta Unidad tiene como prop\u00f3sito prestar apoyo en materias legales al Alcalde y al Concejo. Asimismo, informar\u00e1 en derecho todos los asuntos legales que las distintas direcciones y departamentos municipales le planteen, las orientar\u00e1 peri\u00f3dicamente respecto de las disposiciones legales y reglamentarias. Y mantendr\u00e1 al d\u00eda los t\u00edtulos de los bienes municipales.<\/div>\n<\/div>\n<div id=\"ambiente\" class=\"dpa\">\n<div class=\"dpa_img\"><img loading=\"lazy\" decoding=\"async\" src=\"https:\/\/www.putaendo.cl\/municipalidad\/wp-content\/uploads\/2020\/01\/icono-medio-ambiente.png\" width=\"135\" height=\"135\" \/><\/div>\n<div class=\"dpa_nom\"><strong>Direcci\u00f3n de Medio Ambiente, Aseo y Ornato<\/strong><\/div>\n<div class=\"dpa_contacto\"><center>Tel\u00e9fono:<br \/>\nAvenida Alejandrina Carvajal N\u00b0 10.779<\/center><br \/>\nEncargado: Verioska Fuentes<br \/>\ne-mail: medioambiente@putaendo.cl<\/div>\n<div class=\"dpa_descrip\">Esta direcci\u00f3n tiene como prop\u00f3sito impulsar y consolidar la gesti\u00f3n medio ambiental de la comuna, elaborar e implementar planes, programas e iniciativas sustentables, coordinar y asesorar a las diversas unidades municipales en asuntos ambientales.<\/div>\n<\/div>\n<\/div>\n","protected":false},"excerpt":{"rendered":"<p>Administraci\u00f3n Municipal Tel\u00e9fono: (34)2431512 Prat N\u00b0 1 &#8211; Segundo piso Administrador: Mirna Humeres Grenett e-mail: mirna.humeres@putaendo.cl Las funciones del administrador municipal est\u00e1n se\u00f1aladas en el art\u00edculo 30 de la Ley <a href=\"https:\/\/www.putaendo.cl\/municipalidad\/departamentos\/\" class=\"read-more button-fancy -red\"><span class=\"btn-arrow\"><\/span><span class=\"twp-read-more text\">Continue leyendo<\/span><\/a><\/p>\n","protected":false},"author":1,"featured_media":0,"parent":0,"menu_order":0,"comment_status":"closed","ping_status":"closed","template":"","meta":{"footnotes":""},"class_list":["post-45","page","type-page","status-publish","hentry"],"_links":{"self":[{"href":"https:\/\/www.putaendo.cl\/municipalidad\/wp-json\/wp\/v2\/pages\/45","targetHints":{"allow":["GET"]}}],"collection":[{"href":"https:\/\/www.putaendo.cl\/municipalidad\/wp-json\/wp\/v2\/pages"}],"about":[{"href":"https:\/\/www.putaendo.cl\/municipalidad\/wp-json\/wp\/v2\/types\/page"}],"author":[{"embeddable":true,"href":"https:\/\/www.putaendo.cl\/municipalidad\/wp-json\/wp\/v2\/users\/1"}],"replies":[{"embeddable":true,"href":"https:\/\/www.putaendo.cl\/municipalidad\/wp-json\/wp\/v2\/comments?post=45"}],"version-history":[{"count":427,"href":"https:\/\/www.putaendo.cl\/municipalidad\/wp-json\/wp\/v2\/pages\/45\/revisions"}],"predecessor-version":[{"id":4172,"href":"https:\/\/www.putaendo.cl\/municipalidad\/wp-json\/wp\/v2\/pages\/45\/revisions\/4172"}],"wp:attachment":[{"href":"https:\/\/www.putaendo.cl\/municipalidad\/wp-json\/wp\/v2\/media?parent=45"}],"curies":[{"name":"wp","href":"https:\/\/api.w.org\/{rel}","templated":true}]}}