{"id":43,"date":"2018-02-02T15:41:41","date_gmt":"2018-02-02T15:41:41","guid":{"rendered":"http:\/\/www.putaendo.cl\/municipalidad\/?page_id=43"},"modified":"2025-02-17T13:26:20","modified_gmt":"2025-02-17T13:26:20","slug":"alcalde","status":"publish","type":"page","link":"https:\/\/www.putaendo.cl\/municipalidad\/alcalde\/","title":{"rendered":"Alcalde"},"content":{"rendered":"<style type=\"text\/css\"> \n.conten-alcalde{\n   background-color: #f9feff;\n}\n.alc-img{\n   width : 40%;\n   height: 400px;\n   float: left;\n   background-color: #e0f6f9;\n   -webkit-box-shadow: 3px 4px 51px 0px rgba(0,0,0,0.75);\n   -moz-box-shadow: 3px 4px 51px 0px rgba(0,0,0,0.75);\n   box-shadow: 3px 4px 51px 0px rgba(0,0,0,0.75);\n   padding-top: 5px;\n   margin: 0 auto;\n   text-align:center;  \n}\n.alc-datos{\n   width : 60%;\n   height: 400px;\n   float: left;\n   background-color: #f9feff;\n   -webkit-box-shadow: 3px 4px 51px 0px rgba(0,0,0,0.75);\n   -moz-box-shadow: 3px 4px 51px 0px rgba(0,0,0,0.75);\n   box-shadow: 3px 4px 51px 0px rgba(0,0,0,0.75);\n   overflow: auto;\n}\n.alc-nom{\n   width : 100%;\n   margin-left: 10px;\n   margin: 0 auto;\n   text-align: center;\n   padding-top: 10px;\n   font-size: 1.8em;\n   background-color: #effcff;   \n   -webkit-box-shadow: 3px 4px 51px 0px rgba(0,0,0,0.75);\n   -moz-box-shadow: 3px 4px 51px 0px rgba(0,0,0,0.75);\n   box-shadow: 3px 4px 51px 0px rgba(0,0,0,0.75);\n}\n.alc-conta{\n   width : 90%;\n   margin-left: 30px;\n   background-color: #effcff;\n   border-radius: 10px;\n   padding-left: 30px;\n   text-shadow: 5px 5px 5px #aaa;\n   margin-top: 30px;\n}\n.alc-pe{\n   width : 90%;\n   margin-left: 30px;\n   margin-top: 30px;\n   background-color: #effcff;\n   border-radius: 10px;\n   padding-left: 30px;\n   text-shadow: 5px 5px 5px #aaa;\n   padding-top: 10px;\n   padding-bottom: 10px;\n}\n<\/style>\n<p>En Chile, el alcalde es la m\u00e1xima autoridad de una municipalidad y en la calidad le corresponde su direcci\u00f3n y administraci\u00f3n superior y la supervigilancia de su funcionamiento.<\/p>\n<p>El alcalde es electo democr\u00e1ticamente por un periodo de 4 a\u00f1os, pudiendo ser reelegido.<\/p>\n<div class=\"alc-nom\">\n      Alcalde Mauricio Quiroz Chamorro\n   <\/div>\n<div class=\"alc-img\">\n      <img decoding=\"async\" src=\"https:\/\/www.putaendo.cl\/municipalidad\/wp-content\/uploads\/2021\/07\/quiroz-300x281.jpg\" width=\"85%\"><\/p><\/div>\n<div class=\"alc-datos\">\n<div class=\"alc-conta\">\n         e-Mail : alcaldia@putaendo.cl<br \/>\n         Fono : (34)2431541\n      <\/div>\n<div class=\"alc-pe\">\n         Siendo Elegido por la ciudadan\u00eda para dirigir la I. Municipalidad de Putaendo entre los a\u00f1os 2021 y 2024 &#8211; reelecto entre los a\u00f1os 2024 y 2028\n      <\/div>\n<\/p><\/div>\n","protected":false},"excerpt":{"rendered":"<p>En Chile, el alcalde es la m\u00e1xima autoridad de una municipalidad y en la calidad le corresponde su direcci\u00f3n y administraci\u00f3n superior y la supervigilancia de su funcionamiento. El alcalde <a href=\"https:\/\/www.putaendo.cl\/municipalidad\/alcalde\/\" class=\"read-more button-fancy -red\"><span class=\"btn-arrow\"><\/span><span class=\"twp-read-more text\">Continue leyendo<\/span><\/a><\/p>\n","protected":false},"author":1,"featured_media":0,"parent":0,"menu_order":0,"comment_status":"closed","ping_status":"closed","template":"","meta":{"footnotes":""},"class_list":["post-43","page","type-page","status-publish","hentry"],"_links":{"self":[{"href":"https:\/\/www.putaendo.cl\/municipalidad\/wp-json\/wp\/v2\/pages\/43","targetHints":{"allow":["GET"]}}],"collection":[{"href":"https:\/\/www.putaendo.cl\/municipalidad\/wp-json\/wp\/v2\/pages"}],"about":[{"href":"https:\/\/www.putaendo.cl\/municipalidad\/wp-json\/wp\/v2\/types\/page"}],"author":[{"embeddable":true,"href":"https:\/\/www.putaendo.cl\/municipalidad\/wp-json\/wp\/v2\/users\/1"}],"replies":[{"embeddable":true,"href":"https:\/\/www.putaendo.cl\/municipalidad\/wp-json\/wp\/v2\/comments?post=43"}],"version-history":[{"count":122,"href":"https:\/\/www.putaendo.cl\/municipalidad\/wp-json\/wp\/v2\/pages\/43\/revisions"}],"predecessor-version":[{"id":4181,"href":"https:\/\/www.putaendo.cl\/municipalidad\/wp-json\/wp\/v2\/pages\/43\/revisions\/4181"}],"wp:attachment":[{"href":"https:\/\/www.putaendo.cl\/municipalidad\/wp-json\/wp\/v2\/media?parent=43"}],"curies":[{"name":"wp","href":"https:\/\/api.w.org\/{rel}","templated":true}]}}