{"id":386,"date":"2018-02-07T18:39:59","date_gmt":"2018-02-07T18:39:59","guid":{"rendered":"http:\/\/www.putaendo.cl\/municipalidad\/?page_id=386"},"modified":"2018-02-22T20:08:37","modified_gmt":"2018-02-22T20:08:37","slug":"direccion-de-obras-municipales","status":"publish","type":"page","link":"https:\/\/www.putaendo.cl\/municipalidad\/departamentos\/direccion-de-obras-municipales\/","title":{"rendered":"Direcci\u00f3n de Obras Municipales"},"content":{"rendered":"<style type=\"text\/css\"> \n.dpa{\n     float: left;\n     width : 330px;\n     height: 650px;\n     margin-right: 30px;\n     word-wrap: break-wor;\n     overflow: auto;\n     margin-bottom: 50px;\n     background-color:#effdff;\n     -webkit-box-shadow: 3px 4px 51px 0px rgba(0,0,0,0.75);\n     -moz-box-shadow: 3px 4px 51px 0px rgba(0,0,0,0.75);\n     box-shadow: 3px 4px 51px 0px rgba(0,0,0,0.75);\n     border-radius: 5px;\n     padding-left: 20px;\n     padding-right: 20px;\n}\n.dpa_img{\n     height: 20%;\n     margin-bottom: 5px;\n     background-color: #effafc;\n     margin: 0 auto;\n     text-align: center;\n}\n.dpa_nom{\n     height: 10%;\n     margin-bottom: 5px;\n     margin: 0 auto;\n     text-align: center;\n}\n.dpa_contacto{\n     height: 15%;\n     margin-bottom: 5px;\n     background-color: #effafc;\n     font-size: 0.7em;\n     padding-left: 9px;\n}\n.dpa_descrip{\n     height: 40%;\n     font-size: 0.7em;\n     margin: 0 auto;\n     text-align: center;\n     text-align : justify;\n     padding-top: 20px;\n}\n.conte_dpa{\n      padding-left: 35px;\n}\n<\/style>\n<div class=\"conte_dpa\" id=\"servicios_generales\">\n<div class=\"dpa\">\n<div class=\"dpa_img\">\n          <img loading=\"lazy\" decoding=\"async\" src=\"https:\/\/www.putaendo.cl\/municipalidad\/wp-content\/uploads\/2018\/02\/icono-servicios-generales.png\" height=\"140\" width=\"140\">\n      <\/div>\n<div class=\"dpa_nom\">\n        <strong>Servicios Generales<\/strong>\n      <\/div>\n<div class=\"dpa_contacto\">\n         <center>Tel\u00e9fono:(34)2501976<br \/>\n         Ambrosio Camus 254<\/center><br \/>\n         Jefe: Fernando Olguin Cerda<br \/>\n         e-mail: serviciosgenerales@putaendo.cl\n      <\/div>\n<div class=\"dpa_descrip\">\n         Velar por el aseo de las v\u00edas p\u00fablicas, parques, plazas, jardines y, en general, de los bienes nacionales de uso p\u00fablico existentes en la comuna, vigilar el servicio de extracci\u00f3n de basura y el posterior transporte y disposici\u00f3n de los desechos, construir, conservar y administrar la ornamentaci\u00f3n de los espacios p\u00fablicos, \u00e1reas verdes y parques, entre otros.\n     <\/div>\n<\/p><\/div>\n<div class=\"dpa\" id=\"emergencias\">\n<div class=\"dpa_img\">\n           <img loading=\"lazy\" decoding=\"async\" src=\"https:\/\/www.putaendo.cl\/municipalidad\/wp-content\/uploads\/2018\/02\/icono-emergencias.png\" height=\"140\" width=\"140\">\n      <\/div>\n<div class=\"dpa_nom\">\n        <strong>Oficina de Emergencias<\/strong>\n      <\/div>\n<div class=\"dpa_contacto\">\n         <center>Tel\u00e9fono: (34)2431559<br \/>\n         San Martin N\u00b0 636<\/center><br \/>\n         Encargado: Jorge Reyes Pi\u00f1a<br \/>\n         e-mail: emergencias@putaendo.cl\n      <\/div>\n<div class=\"dpa_descrip\">\n         Confeccionar un catastro de sectores de riesgo en la comuna, ante las diferentes eventualidades de riesgos, cat\u00e1strofes y emergencias.\n     <\/div>\n<\/p><\/div>\n<\/div>\n","protected":false},"excerpt":{"rendered":"<p>Servicios Generales Tel\u00e9fono:(34)2501976 Ambrosio Camus 254 Jefe: Fernando Olguin Cerda e-mail: serviciosgenerales@putaendo.cl Velar por el aseo de las v\u00edas p\u00fablicas, parques, plazas, jardines y, en general, de los bienes nacionales <a href=\"https:\/\/www.putaendo.cl\/municipalidad\/departamentos\/direccion-de-obras-municipales\/\" class=\"read-more button-fancy -red\"><span class=\"btn-arrow\"><\/span><span class=\"twp-read-more text\">Continue leyendo<\/span><\/a><\/p>\n","protected":false},"author":1,"featured_media":0,"parent":45,"menu_order":0,"comment_status":"closed","ping_status":"closed","template":"","meta":{"footnotes":""},"class_list":["post-386","page","type-page","status-publish","hentry"],"_links":{"self":[{"href":"https:\/\/www.putaendo.cl\/municipalidad\/wp-json\/wp\/v2\/pages\/386","targetHints":{"allow":["GET"]}}],"collection":[{"href":"https:\/\/www.putaendo.cl\/municipalidad\/wp-json\/wp\/v2\/pages"}],"about":[{"href":"https:\/\/www.putaendo.cl\/municipalidad\/wp-json\/wp\/v2\/types\/page"}],"author":[{"embeddable":true,"href":"https:\/\/www.putaendo.cl\/municipalidad\/wp-json\/wp\/v2\/users\/1"}],"replies":[{"embeddable":true,"href":"https:\/\/www.putaendo.cl\/municipalidad\/wp-json\/wp\/v2\/comments?post=386"}],"version-history":[{"count":16,"href":"https:\/\/www.putaendo.cl\/municipalidad\/wp-json\/wp\/v2\/pages\/386\/revisions"}],"predecessor-version":[{"id":1437,"href":"https:\/\/www.putaendo.cl\/municipalidad\/wp-json\/wp\/v2\/pages\/386\/revisions\/1437"}],"up":[{"embeddable":true,"href":"https:\/\/www.putaendo.cl\/municipalidad\/wp-json\/wp\/v2\/pages\/45"}],"wp:attachment":[{"href":"https:\/\/www.putaendo.cl\/municipalidad\/wp-json\/wp\/v2\/media?parent=386"}],"curies":[{"name":"wp","href":"https:\/\/api.w.org\/{rel}","templated":true}]}}