{"id":364,"date":"2018-02-07T15:58:19","date_gmt":"2018-02-07T15:58:19","guid":{"rendered":"http:\/\/www.putaendo.cl\/municipalidad\/?page_id=364"},"modified":"2018-02-22T18:20:24","modified_gmt":"2018-02-22T18:20:24","slug":"direccion-de-administracion-y-finanzas","status":"publish","type":"page","link":"https:\/\/www.putaendo.cl\/municipalidad\/departamentos\/direccion-de-administracion-y-finanzas\/","title":{"rendered":"Direcci\u00f3n de Administraci\u00f3n y finanzas"},"content":{"rendered":"<style type=\"text\/css\"> \n.dpa{\n     float: left;\n     width : 330px;\n     height: 650px;\n     margin-right: 30px;\n     word-wrap: break-wor;\n     overflow: auto;\n     margin-bottom: 50px;\n     background-color:#effdff;\n     -webkit-box-shadow: 3px 4px 51px 0px rgba(0,0,0,0.75);\n     -moz-box-shadow: 3px 4px 51px 0px rgba(0,0,0,0.75);\n     box-shadow: 3px 4px 51px 0px rgba(0,0,0,0.75);\n     border-radius: 5px;\n     padding-left: 20px;\n     padding-right: 20px;\n}\n.dpa_img{\n     height: 20%;\n     margin-bottom: 5px;\n     background-color: #effafc;\n     margin: 0 auto;\n     text-align: center;\n}\n.dpa_nom{\n     height: 9%;\n     margin-bottom: 5px;\n     margin: 0 auto;\n     text-align: center;\n}\n.dpa_contacto{\n     height: 15%;\n     margin-bottom: 5px;\n     background-color: #effafc;\n     font-size: 0.7em;\n     padding-left: 9px;\n}\n.dpa_descrip{\n     height: 40%;\n     font-size: 0.7em;\n     margin: 0 auto;\n     text-align: center;\n     color: #282828;\n     text-align : justify;\n     padding-top: 20px;\n}\n.conte_dpa{\n      padding-left: 35px;\n}\n<\/style>\n<div class=\"conte_dpa\" id=\"personal\">\n<div class=\"dpa\">\n<div class=\"dpa_img\">\n          <img loading=\"lazy\" decoding=\"async\" src=\"https:\/\/www.putaendo.cl\/municipalidad\/wp-content\/uploads\/2018\/02\/icono-personal.png\" height=\"140\" width=\"140\">\n      <\/div>\n<div class=\"dpa_nom\">\n        <strong>Departamento de Personal<\/strong>\n      <\/div>\n<div class=\"dpa_contacto\">\n         <center>Tel\u00e9fono: (34)2431556<br \/>\n         Prat N\u00b0 1 &#8211; Primer Piso<\/center><br \/>\n         Encargada: Mariela Henr\u00edquez Berrueta<br \/>\n         e-mail: personal@putaendo.cl\n      <\/div>\n<div class=\"dpa_descrip\">\n         El Departamento de Personal es el encargado de proponer las pol\u00edticas generales de administraci\u00f3n de personal, administrando el sistema de personal de la municipalidad, aplicando las t\u00e9cnicas de selecci\u00f3n, descripci\u00f3n, especificaci\u00f3n y evaluaci\u00f3n a los cargos. Manteniendo los registros actualizados del personal, velando por la adecuada designaci\u00f3n y distribuci\u00f3n del personal en las diferentes unidades municipales y aplicando las normas sobre carrera funcionaria.\n     <\/div>\n<\/p><\/div>\n<div class=\"dpa\" id=\"tesoreria\">\n<div class=\"dpa_img\">\n           <img loading=\"lazy\" decoding=\"async\" src=\"https:\/\/www.putaendo.cl\/municipalidad\/wp-content\/uploads\/2018\/02\/icono-tesoreria.png\" height=\"140\" width=\"140\">\n      <\/div>\n<div class=\"dpa_nom\">\n        <strong>Departamento de Tesorer\u00eda<\/strong>\n      <\/div>\n<div class=\"dpa_contacto\">\n         <center>Tel\u00e9fono: (34)2431518<br \/>\n         Prat N\u00b0 1 &#8211; Primer Piso<\/center><br \/>\n         Encargada: Sophia Henr\u00edquez Garcia<br \/>\n         e-mail: tesoreria@putaendo.cl\n      <\/div>\n<div class=\"dpa_descrip\">\n         La Tesorer\u00eda Municipal, es la encargada de recaudar los tributos y otros ingresos municipales, ya sean pagos de permisos de circulaci\u00f3n, licencias de conducir, certificados de la direcci\u00f3n de obras, derechos municipales, patentes, derechos de aseo, multas entre otros. Efect\u00faa los pagos de las obligaciones municipales; maneja las cuentas corrientes respectivas, realiza dep\u00f3sitos y transferencias, como tambi\u00e9n as\u00ed el pago de remuneraciones del personal Municipal.\n     <\/div>\n<\/p><\/div>\n<div class=\"dpa\" id=\"rentas\">\n<div class=\"dpa_img\">\n           <img loading=\"lazy\" decoding=\"async\" src=\"https:\/\/www.putaendo.cl\/municipalidad\/wp-content\/uploads\/2018\/02\/icono-rentas.png\" height=\"140\" width=\"140\">\n      <\/div>\n<div class=\"dpa_nom\">\n        <strong>Departamento de Rentas<\/strong>\n      <\/div>\n<div class=\"dpa_contacto\">\n         <center>Tel\u00e9fono: (34)2431568<br \/>\n         Prat N\u00b01 &#8211; Primer piso<\/center><br \/>\n         Encargada: Maria Graciela Henr\u00edquez Reyes<br \/>\n         e-mail: rentas@putaendo.cl\n      <\/div>\n<div class=\"dpa_descrip\">\n         El departamento de renta es el encargado de recaudar los ingresos de acuerdo a lo establecido por la Ley de rentas municipales, como as\u00ed tambi\u00e9n tramita las solicitudes de otorgamiento, traslado, transferencia y caducidad, seg\u00fan corresponda, de las patentes municipales, comerciales, industriales, de alcoholes y profesionales de la comuna, preocup\u00e1ndose de mantener actualizado el registro de patentes de todas las actividades antes mencionadas.\n     <\/div>\n<\/p><\/div>\n<div class=\"dpa\" id=\"adquisiciones\">\n<div class=\"dpa_img\">\n           <img loading=\"lazy\" decoding=\"async\" src=\"https:\/\/www.putaendo.cl\/municipalidad\/wp-content\/uploads\/2018\/02\/icono-adquisiciones.png\" height=\"140\" width=\"140\">\n      <\/div>\n<div class=\"dpa_nom\">\n        <strong>Oficina de Adquisiciones<\/strong>\n      <\/div>\n<div class=\"dpa_contacto\">\n         <center>Tel\u00e9fono: (34)2431557 &#8211; 342431569<br \/>\n         Prat N\u00b0 1 &#8211; Primer Piso<\/center><br \/>\n         Encargada: Ang\u00e9lica Leiva Henr\u00edquez<br \/>\n         e-mail: adquisiciones@putaendo.cl\n      <\/div>\n<div class=\"dpa_descrip\">\n         La Oficina de Adquisiciones, es la encargada de ejecutar los programas referentes a adquisiciones, stocks y sistemas de distribuci\u00f3n, proponiendo a su vez modificaciones de los programas respectivo seg\u00fan las variaciones de precios y condiciones de mercado, velando por los intereses de la municipalidad, como as\u00ed tambien el hecho de emitir \u00f3rdenes de compra, manteniendo los registros de proveedores y realizando cotizaciones de precios e informar de las condiciones de mercado de proveedores, costo unitarios y otras materias de inter\u00e9s.\n     <\/div>\n<\/p><\/div>\n<\/div>\n","protected":false},"excerpt":{"rendered":"<p>Departamento de Personal Tel\u00e9fono: (34)2431556 Prat N\u00b0 1 &#8211; Primer Piso Encargada: Mariela Henr\u00edquez Berrueta e-mail: personal@putaendo.cl El Departamento de Personal es el encargado de proponer las pol\u00edticas generales de <a href=\"https:\/\/www.putaendo.cl\/municipalidad\/departamentos\/direccion-de-administracion-y-finanzas\/\" class=\"read-more button-fancy -red\"><span class=\"btn-arrow\"><\/span><span class=\"twp-read-more text\">Continue leyendo<\/span><\/a><\/p>\n","protected":false},"author":1,"featured_media":0,"parent":45,"menu_order":0,"comment_status":"closed","ping_status":"closed","template":"","meta":{"footnotes":""},"class_list":["post-364","page","type-page","status-publish","hentry"],"_links":{"self":[{"href":"https:\/\/www.putaendo.cl\/municipalidad\/wp-json\/wp\/v2\/pages\/364","targetHints":{"allow":["GET"]}}],"collection":[{"href":"https:\/\/www.putaendo.cl\/municipalidad\/wp-json\/wp\/v2\/pages"}],"about":[{"href":"https:\/\/www.putaendo.cl\/municipalidad\/wp-json\/wp\/v2\/types\/page"}],"author":[{"embeddable":true,"href":"https:\/\/www.putaendo.cl\/municipalidad\/wp-json\/wp\/v2\/users\/1"}],"replies":[{"embeddable":true,"href":"https:\/\/www.putaendo.cl\/municipalidad\/wp-json\/wp\/v2\/comments?post=364"}],"version-history":[{"count":30,"href":"https:\/\/www.putaendo.cl\/municipalidad\/wp-json\/wp\/v2\/pages\/364\/revisions"}],"predecessor-version":[{"id":1409,"href":"https:\/\/www.putaendo.cl\/municipalidad\/wp-json\/wp\/v2\/pages\/364\/revisions\/1409"}],"up":[{"embeddable":true,"href":"https:\/\/www.putaendo.cl\/municipalidad\/wp-json\/wp\/v2\/pages\/45"}],"wp:attachment":[{"href":"https:\/\/www.putaendo.cl\/municipalidad\/wp-json\/wp\/v2\/media?parent=364"}],"curies":[{"name":"wp","href":"https:\/\/api.w.org\/{rel}","templated":true}]}}