{"id":356,"date":"2018-02-07T15:27:47","date_gmt":"2018-02-07T15:27:47","guid":{"rendered":"http:\/\/www.putaendo.cl\/municipalidad\/?page_id=356"},"modified":"2020-08-03T16:05:18","modified_gmt":"2020-08-03T16:05:18","slug":"direccion-de-desarrollo-comunitario","status":"publish","type":"page","link":"https:\/\/www.putaendo.cl\/municipalidad\/departamentos\/direccion-de-desarrollo-comunitario\/","title":{"rendered":"Direcci\u00f3n de Desarrollo Comunitario"},"content":{"rendered":"<style type=\"text\/css\"> \n.dpa{\n     float: left;\n     width : 330px;\n     height: 650px;\n     margin-right: 30px;\n     word-wrap: break-wor;\n     overflow: auto;\n     margin-bottom: 50px;\n     background-color:#effdff;\n     -webkit-box-shadow: 3px 4px 51px 0px rgba(0,0,0,0.75);\n     -moz-box-shadow: 3px 4px 51px 0px rgba(0,0,0,0.75);\n     box-shadow: 3px 4px 51px 0px rgba(0,0,0,0.75);\n     border-radius: 5px;\n     padding-left: 20px;\n     padding-right: 20px;\n}\n.dpa_img{\n     height: 20%;\n     margin-bottom: 5px;\n     background-color: #effafc;\n     margin: 0 auto;\n     text-align: center;\n}\n.dpa_nom{\n     height: 9%;\n     margin: 0 auto;\n     text-align: center;\n}\n.dpa_contacto{\n     height: 15%;\n     margin-bottom: 5px;\n     background-color: #effafc;\n     font-size: 0.7em;\n     padding-left: 9px;\n}\n.dpa_descrip{\n     height: 33%;\n     font-size: 0.7em;\n     margin: 0 auto;\n     text-align: center;\n     color: #282828;\n     text-align : justify;\n     padding-top: 20px;\n}\n.conte_dpa{\n      padding-left: 35px;\n}\n.lista-dpmt{\n      font-size: 0.8em;\n      line-height: normal;\n      list-style: none;\n      margin: 0 auto;\n}\n<\/style>\n<div id=\"social\" class=\"conte_dpa\">\n<div class=\"dpa\">\n<div class=\"dpa_img\"><img loading=\"lazy\" decoding=\"async\" src=\"https:\/\/www.putaendo.cl\/municipalidad\/wp-content\/uploads\/2018\/02\/icono-social.png\" width=\"140\" height=\"140\" \/><\/div>\n<div class=\"dpa_nom\"><strong>Departamento Social<\/strong><\/div>\n<div class=\"dpa_contacto\"><center>Tel\u00e9fono: (34)2431573<br \/>\nSan Martin N\u00b0 733<\/center><br \/>\nEncargada: Marcia Rojas Romero<br \/>\ne-mail: deptosocial@putaendo.cl<\/div>\n<div class=\"dpa_descrip\">&#8211; Subsidio de Agua Potable Rural (SAPR)<br \/>\n&#8211; Subsidio de Agua Potable Urbana (SAPU)<br \/>\n&#8211; Subsidio Familiar (SUF)<br \/>\n&#8211; Pensiones.<br \/>\n&#8211; Pensi\u00f3n B\u00e1sica Solidaria de Invalidez (PBSI)<br \/>\n&#8211; Pensi\u00f3n B\u00e1sica Solidaria de Vejez (PBSV)<br \/>\n&#8211; Aporte Previsional Solidario de Vejez (APSU)<br \/>\n&#8211; Subsidio de Discapacidad Mental (SDM)<\/div>\n<\/div>\n<div id=\"SSYOO\" class=\"dpa\">\n<div class=\"dpa_img\">\n    <img loading=\"lazy\" decoding=\"async\" src=\"https:\/\/www.putaendo.cl\/municipalidad\/wp-content\/uploads\/2018\/02\/icono-ssyoo.png\" width=\"140\" \n     height=\"140\" \/>\n    <\/div>\n<div class=\"dpa_nom\">\n      <strong>Seguridades y Oportunidades<\/strong>\n    <\/div>\n<div class=\"dpa_contacto\">\n      <center>Tel\u00e9fono: (34)2431563<br \/>\n      San Martin N\u00b0 733<\/center><br \/>\n      Encargada: Carolina Lopez Silva<br \/>\n      e-mail: dideco@putaendo.cl\n    <\/div>\n<div class=\"dpa_descrip\">\nEl Programa Familias, que forma parte del Subsistema Seguridades y Oportunidades, consiste en un proceso de acompa\u00f1amiento integral a familias en situaci\u00f3n de extrema pobreza y vulnerabilidad social para favorecer su inclusi\u00f3n social y el ejercicio de sus derechos. Para ello, durante 24 meses, las familias son apoyadas por profesionales que realizan sesiones de trabajo peri\u00f3dicas, en diferentes niveles: individual, familiar, grupal y comunitario.<\/p>\n<\/div>\n<\/div>\n<div id=\"OMIL\" class=\"dpa\">\n<div class=\"dpa_img\"><img loading=\"lazy\" decoding=\"async\" src=\"https:\/\/www.putaendo.cl\/municipalidad\/wp-content\/uploads\/2018\/02\/icono-omil.png\" width=\"140\" height=\"140\" \/><\/div>\n<div class=\"dpa_nom\"><strong>OMIL<\/strong><\/div>\n<div class=\"dpa_contacto\"><center>Tel\u00e9fono: (34)2431561<br \/>\nSan Martin N\u00b0 654<\/center><br \/>\nEncargada: Mar\u00eda Maldonado Navarrete<br \/>\ne-mail: omil@putaendo.cl<\/div>\n<div class=\"dpa_descrip\">Los tr\u00e1mites que se pueden realizar son:<br \/>\n&#8211; B\u00fasqueda de empleos<br \/>\n&#8211; Inscripci\u00f3n de la BNE<br \/>\n&#8211; Capacitaci\u00f3n en BNE<br \/>\n&#8211; Certificaci\u00f3n AFC<br \/>\n&#8211; Postulaci\u00f3n de Becas FCS<br \/>\n&#8211; Postulaci\u00f3n a Bonos y Capacitaci\u00f3nes de SENCE<br \/>\n&#8211; Bono trabajador activo, bono mujer trabajadora, subsidio empleo joven y formaci\u00f3n para el empleo<\/div>\n<p><\/br> <\/br><\/p>\n<div class=\"lista-dpmt\">\n<ul class=\"lista-dpmt\"><a href=\"http:\/\/www.putaendo.omil.cl\/\"><\/p>\n<li><strong>Ir a Portal de Empleos<\/strong><\/li>\n<p><\/a><\/ul>\n<\/div>\n<\/div>\n<div id=\"OPD\" class=\"dpa\">\n<div class=\"dpa_img\">\n   <img loading=\"lazy\" decoding=\"async\" src=\"https:\/\/www.putaendo.cl\/municipalidad\/wp-content\/uploads\/2018\/02\/icono-opd.png\" width=\"140\" \n   height=\"140\" \/><\/div>\n<div class=\"dpa_nom\"><strong>OPD<\/strong><\/div>\n<div class=\"dpa_contacto\"><center>Tel\u00e9fono: 964685966<br \/>\nCalle Ejercito Libertador 116<\/center><br \/>\nEncargado: Ivo Fierro Rodriguez<br \/>\ne-mail: opd@putaendo.cl<\/div>\n<div class=\"dpa_descrip\">Su objetivo es entregar herramientas y protecci\u00f3n profesional a ni\u00f1as y ni\u00f1os hasta los 17 a\u00f1os, con la tarea de promocionar los derechos de la infancia, prevenir la transgresi\u00f3n de estos derechos y actuar en materia psic\u00f3logica, social y legal ante casos de vulneraci\u00f3n o exclusi\u00f3n social de los ni\u00f1os.<\/div>\n<p><\/br><\/p>\n<div class=\"lista-dpmt\">\n<ul class=\"lista-dpmt\"><a\nhref=\"https:\/\/www.facebook.com\/Oficina-de-Protecci%C3%B3n-de-Derechos-de-la-Infancia-Putaendo-2132005240355850\/?modal=admin_todo_tour\"><\/p>\n<li><strong>Facebook<\/strong><\/li>\n<p><\/a>\n<\/ul>\n<\/div>\n<\/div>\n<div id=\"EGIS\" class=\"dpa\">\n<div class=\"dpa_img\"><img loading=\"lazy\" decoding=\"async\" src=\"https:\/\/www.putaendo.cl\/municipalidad\/wp-content\/uploads\/2018\/02\/icono-egis.png\" width=\"140\" height=\"140\" \/><\/div>\n<div class=\"dpa_nom\"><strong>EGIS<\/strong><\/div>\n<div class=\"dpa_contacto\"><center>Tel\u00e9fono: (34)2431561<br \/>\nSan Martin N\u00b0 654<\/center><br \/>\nEncargada: Carolina Lopez Silva<br \/>\ne-mail: secretariaegis@putaendo.cl<\/div>\n<div class=\"dpa_descrip\">Las tareas principales de las Entidades de Gesti\u00f3n Inmobiliaria Social (EGIS) son organizar a las familias y realizar las gestiones necesarias para que obtengan su vivienda. Tienen responsabilidades espec\u00edficas en las distintas etapas de los proyectos de construcci\u00f3n y de adquisici\u00f3n de viviendas construidas, as\u00ed como en la elaboraci\u00f3n de un plan de habilitaci\u00f3n social para los integrantes de los grupos.<\/div>\n<\/div>\n<div id=\"jdh\" class=\"dpa\">\n<div class=\"dpa_img\"><img loading=\"lazy\" decoding=\"async\" src=\"https:\/\/www.putaendo.cl\/municipalidad\/wp-content\/uploads\/2018\/02\/icono-jefas-de-hogar.png\" width=\"140\" height=\"140\" \/><\/div>\n<div class=\"dpa_nom\"><strong>Jefas de Hogar<\/strong><\/div>\n<div class=\"dpa_contacto\"><center>Tel\u00e9fono: (34)2502875<br \/>\nSan Martin N\u00b0 733<\/center><br \/>\nEncargada: Macarena Lopez Ordenes<br \/>\ne-mail: jefasdehogar@putaendo.cl<\/div>\n<div class=\"dpa_descrip\">El objetivo principal del Programa Mujer Trabajadora y Jefa de Hogar es contribuir a la inserci\u00f3n laboral de calidad de las mujeres trabajadoras de los quintiles I, II y III entregando herramientas para enfrentar las principales barreras de acceso al mercado de trabajo.<\/div>\n<p><\/br><\/p>\n<div class=\"lista-dpmt\">\n<ul class=\"lista-dpmt\"><a\nhref=\"https:\/\/www.minmujeryeg.cl\/ministerio\/estructura\/mujer-y-trabajo\/programa-mujeres-jefas-de-hogar\/\"><\/p>\n<li><strong>Ir a Sitio Web<\/strong><\/li>\n<p><\/a>\n<\/ul>\n<\/div>\n<\/div>\n<div id=\"autoconsumo\" class=\"dpa\">\n<div class=\"dpa_img\"><img loading=\"lazy\" decoding=\"async\" src=\"https:\/\/www.putaendo.cl\/municipalidad\/wp-content\/uploads\/2018\/02\/icono-autoconsumo.png\" width=\"140\" height=\"140\" \/><\/div>\n<div class=\"dpa_nom\"><strong>Autoconsumo<\/strong><\/div>\n<div class=\"dpa_contacto\"><center>Tel\u00e9fono: (34)2431563<br \/>\nSan Martin N\u00b0 733<\/center><br \/>\nEncargada: Carolina Lopez Silva<br \/>\ne-mail: dideco@putaendo.cl<\/div>\n<div class=\"dpa_descrip\">El Programa Autoconsumo contribuye a aumentar la disponibilidad de alimentos saludables mediante la educaci\u00f3n y la autoprovisi\u00f3n, para que las familias complementen sus necesidades alimentarias y mejoren as\u00ed sus condiciones de vida.<\/div>\n<p><\/br><\/p>\n<div class=\"lista-dpmt\">\n<ul class=\"lista-dpmt\"><a href=\"http:\/\/www.fosis.gob.cl\/Programas\/Inversi%C3%B3n-para-las-oportunidades\/Paginas\/Programa-Autoconsumo.aspx\"><\/p>\n<li><strong>Ir a Sitio Web<\/strong><\/li>\n<p><\/a>\n<\/ul>\n<\/div>\n<\/div>\n<div id=\"senda\" class=\"dpa\">\n<div class=\"dpa_img\"><img loading=\"lazy\" decoding=\"async\" src=\"https:\/\/www.putaendo.cl\/municipalidad\/wp-content\/uploads\/2018\/02\/icono-senda-previene.png\" width=\"140\" height=\"140\" \/><\/div>\n<div class=\"dpa_nom\"><strong>Senda Previene<\/strong><\/div>\n<div class=\"dpa_contacto\"><center>Tel\u00e9fono: (34)2502875<br \/>\nSan Martin N\u00b0 733<\/center><br \/>\nCoord. Comunal: Fernando Ovando Crist\u00f3bal<br \/>\ne-mail: sendapreviene@putaendo.cl<\/div>\n<div class=\"dpa_descrip\">El programa SENDA tiene por finalidad, desarrollar, articular y coordinar una pol\u00edtica comunal de prevenci\u00f3n, tratamiento, rehabilitaci\u00f3n del consumo y control de drogas, as\u00ed como las consecuencias asociadas a este problema, en el marco de la Estrategia Nacional sobre prevenci\u00f3n de consumo de drogas.<\/div>\n<p><\/br><\/p>\n<div class=\"lista-dpmt\">\n<ul class=\"lista-dpmt\"><a href=\"http:\/\/www.senda.gob.cl\/senda-previene\/\"><\/p>\n<li><strong>Ir a Sitio Web<\/strong><\/li>\n<p><\/a>\n<\/ul>\n<\/div>\n<\/div>\n<div id=\"vinculo\" class=\"dpa\">\n<div class=\"dpa_img\"><img loading=\"lazy\" decoding=\"async\" src=\"https:\/\/www.putaendo.cl\/municipalidad\/wp-content\/uploads\/2018\/02\/icono-programa-vinculo.png\" width=\"140\" height=\"140\" \/><\/div>\n<div class=\"dpa_nom\"><strong>Programa Vinculo<\/strong><\/div>\n<div class=\"dpa_contacto\"><center>Tel\u00e9fono: (34)2431573<br \/>\nSan Martin N\u00b0 733<\/center><br \/>\nEncargada: Marcia Rojas Romero<br \/>\ne-mail: deptosocial@putaendo.cl<\/div>\n<div class=\"dpa_descrip\">El programa V\u00ednculos forma parte de las pol\u00edticas p\u00fablicas orientadas a las personas adultas mayores del pa\u00eds, promoviendo el ejercicio de sus derechos y su participaci\u00f3n activa en redes, reforzando la valorizaci\u00f3n de esta etapa de su vida. Su objetivo es la generaci\u00f3n de condiciones que permitan a los adultos mayores alcanzar mejores condiciones de vida mediante el acceso a prestaciones sociales e integraci\u00f3n a la red comunitaria de promoci\u00f3n y protecci\u00f3n social, promoviendo su autonom\u00eda y participaci\u00f3n social.<\/div>\n<p><\/br><\/br><\/p>\n<div class=\"lista-dpmt\">\n<ul class=\"lista-dpmt\"><a href=\"http:\/\/www.injuv.gob.cl\/html\/vinculos.php\"><\/p>\n<li><strong>Ir a Sitio Web<\/strong><\/li>\n<p><\/a>\n<\/ul>\n<\/div>\n<\/div>\n<div id=\"registro_social\" class=\"dpa\">\n<div class=\"dpa_img\"><img loading=\"lazy\" decoding=\"async\" src=\"https:\/\/www.putaendo.cl\/municipalidad\/wp-content\/uploads\/2018\/02\/icono-registro-social-de-hogares.png\" width=\"140\" height=\"140\" \/><\/div>\n<div class=\"dpa_nom\"><strong>Registro Social de Hogares<\/strong><\/div>\n<div class=\"dpa_contacto\"><center>Tel\u00e9fono: (34)2431563<br \/>\nSan Martin N\u00b0 733<\/center><br \/>\nEncargada: Marcia Rojas Romero<br \/>\ne-mail: deptosocial@putaendo.cl<\/div>\n<div class=\"dpa_descrip\">El Registro Social de Hogares es un sistema de informaci\u00f3n cuyo fin es apoyar los procesos de selecci\u00f3n de beneficiarios de un conjunto amplio de subsidios y programas sociales.<\/div>\n<p><\/br><\/p>\n<div class=\"lista-dpmt\">\n<ul class=\"lista-dpmt\"><a href=\"http:\/\/www.registrosocial.gob.cl\/mi-registro\/\"><\/p>\n<li><strong>Ir a Sitio Web<\/strong><\/li>\n<p><\/a>\n<\/ul>\n<\/div>\n<\/div>\n<div id=\"chile_crece_contigo\" class=\"dpa\">\n<div class=\"dpa_img\"><img loading=\"lazy\" decoding=\"async\" src=\"https:\/\/www.putaendo.cl\/municipalidad\/wp-content\/uploads\/2018\/02\/icono-chile-crece-contigo.png\" width=\"140\" height=\"140\" \/><\/div>\n<div class=\"dpa_nom\"><strong>Chile Crece Contigo<\/strong><\/div>\n<div class=\"dpa_contacto\"><center>Tel\u00e9fono: (34)2431563<br \/>\nSan Martin N\u00b0 733<\/center><br \/>\nEncargada: Carolina Lopez Silva<br \/>\ne-mail: chilecrececontigo@putaendo.cl<\/div>\n<div class=\"dpa_descrip\">Chile Crece Contigo es parte del Sistema de Protecci\u00f3n Social administrado, coordinado, supervisado y evaluado por el Ministerio de Desarrollo Social, y que integran tambi\u00e9n los subsistemas Chile Cuida y Chile Seguridad y Oportunidades. La misi\u00f3n de este subsistema es acompa\u00f1ar, proteger y apoyar integralmente, a todos los ni\u00f1os, ni\u00f1as y sus familias.<\/div>\n<p><\/br><\/p>\n<div class=\"lista-dpmt\">\n<ul class=\"lista-dpmt\"><a href=\"http:\/\/www.crececontigo.gob.cl\"><\/p>\n<li><strong>Ir a Sitio Web<\/strong><\/li>\n<p><\/a>\n<\/ul>\n<\/div>\n<\/div>\n<div id=\"habitabilidad\" class=\"dpa\">\n<div class=\"dpa_img\"><img loading=\"lazy\" decoding=\"async\" src=\"https:\/\/www.putaendo.cl\/municipalidad\/wp-content\/uploads\/2018\/02\/icono-programa-habitalidad.png\" width=\"140\" height=\"140\" \/><\/div>\n<div class=\"dpa_nom\"><strong>Habitabilidad<\/strong><\/div>\n<div class=\"dpa_contacto\"><center>Tel\u00e9fono: (34)2431563<br \/>\nSan Martin N\u00b0 733<\/center><br \/>\nEncargada: Carolina Lopez Silva<br \/>\ne-mail: dideco@putaendo.cl<\/div>\n<div class=\"dpa_descrip\">El Programa Habitabilidad, potencia las posibilidades y oportunidades de desarrollo de las familias y personas, a partir de un servicio integral que entrega soluciones que conjugan lo constructivo con lo social, para que cuenten con una vivienda y entorno saludable y seguro.<\/div>\n<p><\/br><\/p>\n<div class=\"lista-dpmt\">\n<ul class=\"lista-dpmt\"><a href=\"http:\/\/www.fosis.gob.cl\/Programas\/Inversi%C3%B3n-para-las-oportunidades\/Paginas\/Programa-Habitabilidad.aspx\"><\/p>\n<li><strong>Ir a Sitio Web<\/strong><\/li>\n<p><\/a>\n<\/ul>\n<\/div>\n<\/div>\n<div id=\"adulto_mayor\" class=\"dpa\">\n<div class=\"dpa_img\"><img loading=\"lazy\" decoding=\"async\" src=\"https:\/\/www.putaendo.cl\/municipalidad\/wp-content\/uploads\/2020\/02\/icono-adulto-mayor.png\" width=\"140\" height=\"140\" \/><\/div>\n<div class=\"dpa_nom\"><strong>Oficina de Adulto Mayor<\/strong><\/div>\n<div class=\"dpa_contacto\"><center>Tel\u00e9fono: (34)2431563<br \/>\nSan Martin N\u00b0 733<\/center><br \/>\nEncargada: Carolina Lopez Silva<br \/>\ne-mail: adultomayor@putaendo.cl<\/div>\n<div class=\"dpa_descrip\">Tiene como objeto, fomentar el envejecimiento positivo a trav\u00e9s de un plan integral de actividades y servicios sociales orientados a mejorar las oportunidades y la calidad de vida de las personas mayores de 60 a\u00f1os de la comuna.<\/div>\n<p><\/br><\/p>\n<div class=\"lista-dpmt\">\n<ul class=\"lista-dpmt\"><a href=\"https:\/\/www.minsal.cl\/salud-del-adulto-mayor\/\"><\/p>\n<li><strong>Ir a Sitio Web<\/strong><\/li>\n<p><\/a>\n<\/ul>\n<\/div>\n<\/div>\n<div id=\"unidad_deporte\" class=\"dpa\">\n<div class=\"dpa_img\"><img loading=\"lazy\" decoding=\"async\" src=\"https:\/\/www.putaendo.cl\/municipalidad\/wp-content\/uploads\/2020\/02\/icono-unidad-de-deporte.png\" width=\"140\" height=\"140\" \/><\/div>\n<div class=\"dpa_nom\"><strong>Unidad de Deporte<\/strong><\/div>\n<div class=\"dpa_contacto\"><center>Tel\u00e9fono: (34)2431576<br \/>\nSan Martin N\u00b0 733<\/center><br \/>\nEncargada: Carolina Lopez Silva<br \/>\ne-mail: deportes@putaendo.cl<\/div>\n<div class=\"dpa_descrip\">La Unidad de Deportes, est\u00e1 destinado a brindar todas las facilidades, para que los vecinos y usuarios de Putaendo, puedan acceder de manera f\u00e1cil y r\u00e1pida a la actividad que sea de su agrado en cualquiera de nuestros centros deportivos.<\/div>\n<p><\/br><\/p>\n<div class=\"lista-dpmt\">\n<ul class=\"lista-dpmt\"><a href=\"http:\/\/www.mindep.cl\/wp-content\/uploads\/2015\/05\/POLITICA-ULTIMA-VERSI\u00d3N-021116.pdf\"><\/p>\n<li><strong>Ir a Sitio Web<\/strong><\/li>\n<p><\/a>\n<\/ul>\n<\/div>\n<\/div>\n<div class=\"conte_dpa\" id=\"prodesal\">\n<div class=\"dpa\">\n<div class=\"dpa_img\">\n          <img loading=\"lazy\" decoding=\"async\" src=\"https:\/\/www.putaendo.cl\/municipalidad\/wp-content\/uploads\/2018\/02\/icono-prodesal.png\" height=\"140\" width=\"140\">\n      <\/div>\n<div class=\"dpa_nom\">\n        <strong>Prodesal<\/strong>\n      <\/div>\n<div class=\"dpa_contacto\">\n         <center>Tel\u00e9fono:(34)2431566<br \/>\n         San Martin N\u00b0 636<\/center><br \/>\n         Ingeniero Agronomo: Claudia Pizarro Pi\u00f1a<br \/>\n         Veterinario: Sebastian Galleguillos R.<br \/>\n         e-mail: prodesal@putaendo.cl\n      <\/div>\n<div class=\"dpa_descrip\"><\/br><br \/>\n         El Programa tiene por finalidad apoyar a los peque\u00f1os productores agr\u00edcolas y sus familias que desarrollan actividades silvoagropecuarias, en adelante agricultores, para fortalecer sus sistemas productivos y actividades conexas, procurando aumentar sus ingresos y mejorar su calidad de vida.\n     <\/div>\n<\/p><\/div>\n<div class=\"conte_dpa\" id=\"turismo\">\n<div class=\"dpa\">\n<div class=\"dpa_img\">\n          <img loading=\"lazy\" decoding=\"async\" src=\"https:\/\/www.putaendo.cl\/municipalidad\/wp-content\/uploads\/2018\/02\/icono-turismo-200.png\" height=\"140\" width=\"140\">\n      <\/div>\n<div class=\"dpa_nom\">\n        <strong>Oficina de Turismo<\/strong>\n      <\/div>\n<div class=\"dpa_contacto\">\n         <center>Tel\u00e9fono: (34)2431560<br \/>\n         San Martin N\u00b0 642<\/center><br \/>\n         Encargada: Cristopher Mercado<br \/>\n         e-mail: turismo@putaendo.cl\n      <\/div>\n<div class=\"dpa_descrip\">\n         Elaborar planes y proyectos espec\u00edficos destinados a la promoci\u00f3n del turismo en la comuna.<br \/>\nMantener v\u00ednculos con el Servicio Nacional de Turismo, a fin de coordinarse y colaborar con aquel para el fortalecimiento de las actividades de turismo en la comuna.\n     <\/div>\n<div class=\"lista-dpmt\">\n        <\/br><\/p>\n<ul class=\"lista-dpmt\"><a href=\"http:\/\/www.putaendo.cl\/portalturismo\/\"><\/p>\n<li>Ir a Portal Turismo<\/li>\n<p><\/a><\/ul>\n<\/p><\/div>\n<\/p><\/div>\n<\/div>\n","protected":false},"excerpt":{"rendered":"<p>Departamento Social Tel\u00e9fono: (34)2431573 San Martin N\u00b0 733 Encargada: Marcia Rojas Romero e-mail: deptosocial@putaendo.cl &#8211; Subsidio de Agua Potable Rural (SAPR) &#8211; Subsidio de Agua Potable Urbana (SAPU) &#8211; Subsidio <a href=\"https:\/\/www.putaendo.cl\/municipalidad\/departamentos\/direccion-de-desarrollo-comunitario\/\" class=\"read-more button-fancy -red\"><span class=\"btn-arrow\"><\/span><span class=\"twp-read-more text\">Continue leyendo<\/span><\/a><\/p>\n","protected":false},"author":1,"featured_media":0,"parent":45,"menu_order":0,"comment_status":"closed","ping_status":"closed","template":"","meta":{"footnotes":""},"class_list":["post-356","page","type-page","status-publish","hentry"],"_links":{"self":[{"href":"https:\/\/www.putaendo.cl\/municipalidad\/wp-json\/wp\/v2\/pages\/356","targetHints":{"allow":["GET"]}}],"collection":[{"href":"https:\/\/www.putaendo.cl\/municipalidad\/wp-json\/wp\/v2\/pages"}],"about":[{"href":"https:\/\/www.putaendo.cl\/municipalidad\/wp-json\/wp\/v2\/types\/page"}],"author":[{"embeddable":true,"href":"https:\/\/www.putaendo.cl\/municipalidad\/wp-json\/wp\/v2\/users\/1"}],"replies":[{"embeddable":true,"href":"https:\/\/www.putaendo.cl\/municipalidad\/wp-json\/wp\/v2\/comments?post=356"}],"version-history":[{"count":122,"href":"https:\/\/www.putaendo.cl\/municipalidad\/wp-json\/wp\/v2\/pages\/356\/revisions"}],"predecessor-version":[{"id":3485,"href":"https:\/\/www.putaendo.cl\/municipalidad\/wp-json\/wp\/v2\/pages\/356\/revisions\/3485"}],"up":[{"embeddable":true,"href":"https:\/\/www.putaendo.cl\/municipalidad\/wp-json\/wp\/v2\/pages\/45"}],"wp:attachment":[{"href":"https:\/\/www.putaendo.cl\/municipalidad\/wp-json\/wp\/v2\/media?parent=356"}],"curies":[{"name":"wp","href":"https:\/\/api.w.org\/{rel}","templated":true}]}}