{"id":335,"date":"2018-02-07T11:29:13","date_gmt":"2018-02-07T11:29:13","guid":{"rendered":"http:\/\/www.putaendo.cl\/municipalidad\/?page_id=335"},"modified":"2020-05-27T19:26:22","modified_gmt":"2020-05-27T19:26:22","slug":"secretaria-municipal","status":"publish","type":"page","link":"https:\/\/www.putaendo.cl\/municipalidad\/departamentos\/secretaria-municipal\/","title":{"rendered":"Secretar\u00eda Municipal"},"content":{"rendered":"<style type=\"text\/css\"> \n.dpa{\n     float: left;\n     width : 330px;\n     height: 650px;\n     margin-right: 30px;\n     word-wrap: break-wor;\n     overflow: auto;\n     margin-bottom: 50px;\n     background-color:#effdff;\n     -webkit-box-shadow: 3px 4px 51px 0px rgba(0,0,0,0.75);\n     -moz-box-shadow: 3px 4px 51px 0px rgba(0,0,0,0.75);\n     box-shadow: 3px 4px 51px 0px rgba(0,0,0,0.75);\n     border-radius: 5px;\n     padding-left: 20px;\n     padding-right: 20px;\n}\n.dpa_img{\n     height: 20%;\n     margin-bottom: 5px;\n     background-color: #effafc;\n     margin: 0 auto;\n     text-align: center;\n}\n.dpa_nom{\n     height: 10%;\n     margin-bottom: 5px;\n     margin: 0 auto;\n     text-align: center;\n}\n.dpa_contacto{\n     height: 15%;\n     margin-bottom: 5px;\n     background-color: #effafc;\n     font-size: 0.7em;\n     padding-left: 9px;\n}\n.dpa_descrip{\n     height: 40%;\n     font-size: 0.7em;\n     margin: 0 auto;\n     text-align: center;\n     color: #282828;\n     text-align : justify;\n     padding-top: 20px;\n}\n.conte_dpa{\n      padding-left: 35px;\n}\n<\/style>\n<div class=\"conte_dpa\" id=\"oficina_partes\">\n<div class=\"dpa\">\n<div class=\"dpa_img\">\n          <img loading=\"lazy\" decoding=\"async\" src=\"https:\/\/www.putaendo.cl\/municipalidad\/wp-content\/uploads\/2018\/02\/icono-oficina-de-partes.png\" height=\"140\" width=\"140\">\n      <\/div>\n<div class=\"dpa_nom\">\n        <strong>Oficina de Partes<\/strong>\n      <\/div>\n<div class=\"dpa_contacto\">\n         <center>Tel\u00e9fono:(34)2431516<br \/>\n         Prat N\u00b0 1 &#8211; Segundo piso<\/center><br \/>\n         Encargada: Maria Jose Jamett Saa<br \/>\n         e-mail: secretaria@putaendo.cl\n      <\/div>\n<div class=\"dpa_descrip\">\n         Mantener constante el flujo, control y conservaci\u00f3n de toda la documentaci\u00f3n que ingresa y egresa en la Municipalidad, proporcionando en forma r\u00e1pida y expedita la informaci\u00f3n que se requiera para el accionar municipal.<br \/>\nRecibir los documentos llegados del exterior y procesar los movimientos internos de documentaci\u00f3n.\n     <\/div>\n<\/p><\/div>\n<div class=\"dpa\" id=\"oirs\">\n<div class=\"dpa_img\">\n           <img loading=\"lazy\" decoding=\"async\" src=\"https:\/\/www.putaendo.cl\/municipalidad\/wp-content\/uploads\/2018\/02\/icono-oirs.png\" height=\"140\" width=\"140\">\n      <\/div>\n<div class=\"dpa_nom\">\n        <strong>OIRS<\/strong>\n      <\/div>\n<div class=\"dpa_contacto\">\n         <center>Tel\u00e9fono: (34)2431510<br \/>\n         Prat N\u00b0 1 &#8211; Primer piso<\/center><br \/>\n         Encargada: Eva Araya Segura<br \/>\n         e-mail: oirs@putaendo.cl\n      <\/div>\n<div class=\"dpa_descrip\">\n           La oficina de informaci\u00f3n, reclamos y sugerencias (OIRS) es un espacio de participaci\u00f3n ciudadana y una v\u00eda de comunicaci\u00f3n con las distintas direcciones o departamentos del municipio, facilitando el acceso a la informaci\u00f3n sobre el funcionamiento y atenci\u00f3n en las presentaciones p\u00fablicas otorgadas en el municipio.<br \/>\nSu finalidad es garantizar el derecho de los ciudadanos a informarse, sugerir, reclamar y\/o felicitar, acerca de las diversas materias.<\/p><\/div>\n<\/p><\/div>\n<\/div>\n","protected":false},"excerpt":{"rendered":"<p>Oficina de Partes Tel\u00e9fono:(34)2431516 Prat N\u00b0 1 &#8211; Segundo piso Encargada: Maria Jose Jamett Saa e-mail: secretaria@putaendo.cl Mantener constante el flujo, control y conservaci\u00f3n de toda la documentaci\u00f3n que ingresa <a href=\"https:\/\/www.putaendo.cl\/municipalidad\/departamentos\/secretaria-municipal\/\" class=\"read-more button-fancy -red\"><span class=\"btn-arrow\"><\/span><span class=\"twp-read-more text\">Continue leyendo<\/span><\/a><\/p>\n","protected":false},"author":1,"featured_media":0,"parent":45,"menu_order":0,"comment_status":"closed","ping_status":"closed","template":"","meta":{"footnotes":""},"class_list":["post-335","page","type-page","status-publish","hentry"],"_links":{"self":[{"href":"https:\/\/www.putaendo.cl\/municipalidad\/wp-json\/wp\/v2\/pages\/335","targetHints":{"allow":["GET"]}}],"collection":[{"href":"https:\/\/www.putaendo.cl\/municipalidad\/wp-json\/wp\/v2\/pages"}],"about":[{"href":"https:\/\/www.putaendo.cl\/municipalidad\/wp-json\/wp\/v2\/types\/page"}],"author":[{"embeddable":true,"href":"https:\/\/www.putaendo.cl\/municipalidad\/wp-json\/wp\/v2\/users\/1"}],"replies":[{"embeddable":true,"href":"https:\/\/www.putaendo.cl\/municipalidad\/wp-json\/wp\/v2\/comments?post=335"}],"version-history":[{"count":21,"href":"https:\/\/www.putaendo.cl\/municipalidad\/wp-json\/wp\/v2\/pages\/335\/revisions"}],"predecessor-version":[{"id":3424,"href":"https:\/\/www.putaendo.cl\/municipalidad\/wp-json\/wp\/v2\/pages\/335\/revisions\/3424"}],"up":[{"embeddable":true,"href":"https:\/\/www.putaendo.cl\/municipalidad\/wp-json\/wp\/v2\/pages\/45"}],"wp:attachment":[{"href":"https:\/\/www.putaendo.cl\/municipalidad\/wp-json\/wp\/v2\/media?parent=335"}],"curies":[{"name":"wp","href":"https:\/\/api.w.org\/{rel}","templated":true}]}}