{"id":1902,"date":"2018-08-20T12:37:20","date_gmt":"2018-08-20T12:37:20","guid":{"rendered":"http:\/\/www.putaendo.cl\/municipalidad\/?page_id=1902"},"modified":"2021-11-10T14:59:04","modified_gmt":"2021-11-10T14:59:04","slug":"concursos-publicos","status":"publish","type":"page","link":"https:\/\/www.putaendo.cl\/municipalidad\/concursos-publicos\/","title":{"rendered":"Concursos P\u00fablicos"},"content":{"rendered":"<style type=\"text\/css\">\n.muni{\n     \/*height: 280px;*\/\n}\n.mapa_muni{\n     float: left;<\/p>\n<p>}\n.direcc{\n     float: left;\n     margin-right: 90px;\n}\n<\/style>\n<div class=\"muni\">\n   <img decoding=\"async\" src=\"https:\/\/www.putaendo.cl\/municipalidad\/wp-content\/uploads\/2018\/05\/director-1-1-1-copia-768x420-1.jpg\" width=\"100%\">\n<\/div>\n<h2><span style=\"color: #000000;\">LLAMADO A CONCURSO P\u00daBLICO<\/span><\/h2>\n<p>Ll\u00e1mese a concurso p\u00fablico de antecedentes para proveer los siguientes cargos 3 vacantes en la I. Municipalidad de Putaendo.<\/p>\n<p><strong><a href=\"https:\/\/www.putaendo.cl\/municipalidad\/wp-content\/uploads\/2021\/11\/Bases-Concurrso-Publico-Noviembre-2021.pdf\">BASES CONCURSOS PUBLICO PARA 3 CARGOS PLANTA I. MUNICIPALIDAD DE PUTAENDO<\/a><\/strong><\/p>\n<p>Requisitos de los Cargos: <\/p>\n<p><strong>Jefatura: Deporte <\/strong><br \/>\nGrado 11<br \/>\nescalaf\u00f3n: Jefatura<br \/>\nCantidad de Cargo: 1<br \/>\nUnidad de Desempe\u00f1o: Jefatura Deporte<\/p>\n<p><strong>Planta T\u00e9cnicos: <\/strong><br \/>\nGrado 13<br \/>\nescalaf\u00f3n: T\u00e9cnico<br \/>\nCantidad de Cargos: 1<br \/>\nUnidad de Desempe\u00f1o: Inspector Municipal<\/p>\n<p><strong>Planta T\u00e9cnico:<\/strong><br \/>\nGrado 15<br \/>\nescalaf\u00f3n: T\u00e9cnico<br \/>\nCantidad de Cargos: 1<br \/>\nUnidad de Desempe\u00f1o: A determinar por la Administraci\u00f3n<\/p>\n<p><strong>Requisitos Generales:<\/strong><\/p>\n<p>Seg\u00fan lo establecido en el art\u00edculo 8\u00b0, de la Ley N\u00b018.883, los interesados o interesadas en postular deber\u00e1n considerar lo siguiente de acuerdo al cargo que postulan: <\/p>\n<p><strong>Planta Jefatura:<\/strong> T\u00edtulo profesional universitario o t\u00edtulo profesional de una carrera de a lo menos, ocho semestres de duraci\u00f3n, otorgado por una instituci\u00f3n de educaci\u00f3n superior del Estado o reconocida por \u00e9ste, o t\u00edtulo t\u00e9cnico que cumpla los requisitos fijados para la planta de t\u00e9cnicos.<\/p>\n<p><strong>Requisito espec\u00edfico Jefatura Deporte:<\/strong> de acuerdo a lo establecido en la planta municipal de t\u00e9cnico con formaci\u00f3n en deporte y certificado de experiencia en gesti\u00f3n deportiva, de a lo meses seis meses.<\/p>\n<p><strong>Planta T\u00e9cnica:<\/strong> Titulo T\u00e9cnico de nivel superior otorgado por una instituci\u00f3n de educaci\u00f3n superior del estado o reconocida por \u00e9ste, en el \u00e1rea que la municipal requiera; o, en su caso, titulo T\u00e9cnico de Nivel Medio, en el \u00e1rea que la municipalidad la requiera, otorgado por una instituci\u00f3n de educaci\u00f3n del Estado o reconocida por \u00e9ste.<\/p>\n<p><strong>Requisito espec\u00edfico para T\u00e9cnico de inspecci\u00f3n municipal se requiere curso de inspecci\u00f3n municipal con una duraci\u00f3n m\u00ednima de 15 horas.<\/p>\n<p>Requisito espec\u00edfico para t\u00e9cnico grado 15\u00b0 EMR., T\u00e9cnico en administraci\u00f3n de empresas con experiencia de a lo menos un a\u00f1o en el \u00e1mbito municipal.<\/strong><\/p>\n<p><strong>Requisitos generales del llamado a concursos:<\/strong> (Art 10, Ley 18.883.)<\/p>\n<p>a) Ser ciudadano;<br \/>\nb) Haber cumplido con la ley de reclutamiento y movilizaci\u00f3n, cuando fuere procedente;<br \/>\nc) Tener salud compatible con el desempe\u00f1o del cargo;<br \/>\nd) Haber aprobado la educaci\u00f3n b\u00e1sica y poseer el nivel educacional o t\u00edtulo profesional o t\u00e9cnico que por la naturaleza del<br \/>\nempleo exija la ley;<br \/>\ne) No haber cesado en un cargo p\u00fablico como consecuencia de haber obtenido una calificaci\u00f3n deficiente, o por medida disciplinaria, salvo que hayan transcurrido m\u00e1s de cinco a\u00f1os desde la fecha de expiraci\u00f3n de funciones, y<br \/>\nf) No estar inhabilitado para el ejercicio de funciones o cargos p\u00fablicos, ni hallarse condenado por delito que tenga asignada pena de crimen o simple delito.<br \/>\nLos requisitos establecidos en las letras a), b) y d) ser\u00e1n acreditados con copia simple, present\u00e1ndose los originales al momento de la entrevista.<br \/>\nLos requisitos de las letras c), e) y f), ser\u00e1n acreditados mediante declaraci\u00f3n jurada del postulante. La falsedad de esta<br \/>\ndeclaraci\u00f3n har\u00e1 incurrir en las penas del art\u00edculo 210 del C\u00f3digo Penal.<br \/>\ng) No estar afecto a alguna de las causales de inhabilidad indicadas en el art\u00edculo 54 D.F.L. N\u00b01 19.653, texto refundido, coordinado y sistematizado de la ley N\u00b0 18.575, Org\u00e1nica Constitucional de Bases Generales de la Administraci\u00f3n del Estado.<\/p>\n<p>Adem\u00e1s, se requiere los siguientes requisitos generales:<br \/>\nh) Curr\u00edculum Vitae.<br \/>\ni) Fotocopia simple de certificados de capacitaciones.<br \/>\nj) Fotocopia simple de Diplomados sobre temas atingentes al cargo que se concursa.<br \/>\nk) Fotocopia simple de T\u00edtulos de Post grados.<br \/>\nI) Experiencia Laboral de acuerdo a lo establecido en las Bases<\/p>\n<p><strong>Presentaci\u00f3n de los Curr\u00edculum y antecedentes:<\/strong> Se recibir\u00e1n en el Depto. de Personal, ubicado en calle A. Prat N\u00b0 01 Putaendo, desde el 10 de noviembre hasta el 22 de noviembre 2021, en horario de oficina de lunes a jueves de 8:00 a 17:30 viemes de 8:00 a 13:00., el d\u00eda del cierre el lunes 22 de noviembre 2021, se recibir\u00e1n antecedentes hasta las 13:00 horas.<\/p>\n<p><strong>Factores de Selecci\u00f3n y Ponderaci\u00f3n Cantos; Jefaturas. T\u00e9cnicos. Administrativos y Auxiliares.<\/strong><br \/>\nEstudios y capacitaci\u00f3n 40<br \/>\nExperiencia laboral 30<br \/>\nEntrevista personal 30<\/p>\n<p>&#8211; La entrevista personal para los cargos se\u00f1alados, se efectuar\u00e1n entre los d\u00edas 29 de noviembre al 03 de Diciembre del 2021, en Dependencias Municipales; en horario que se comunicar\u00e1 en forma oportuna y personalmente v\u00eda telef\u00f3nica a los postulantes seleccionados de acuerdo al cargo que postulan.<br \/>\n&#8211; Ser\u00e1n considerados id\u00f3neos, aquellos postulantes que obtengan un puntaje m\u00ednimo de 70% de acuerdo con lo se\u00f1alado en el Art. 16\u00b0 de la Ley N\u00b0 18.883, Estatuto Administrativo para Funcionarios Municipales.<br \/>\n&#8211; La resoluci\u00f3n del concurso se efectuar\u00e1 el d\u00eda 20 de diciembre 2021.<br \/>\n&#8211; Las bases del presente llamado a concurso estar\u00e1n disponibles en la p\u00e1gina WEB de la Municipalidad de Putaendo, www.putaendo.cl. y retiro presencial en Prat N&#8217; 1 Oficina de Personal.<\/p>\n","protected":false},"excerpt":{"rendered":"<p>LLAMADO A CONCURSO P\u00daBLICO Ll\u00e1mese a concurso p\u00fablico de antecedentes para proveer los siguientes cargos 3 vacantes en la I. Municipalidad de Putaendo. BASES CONCURSOS PUBLICO PARA 3 CARGOS PLANTA <a href=\"https:\/\/www.putaendo.cl\/municipalidad\/concursos-publicos\/\" class=\"read-more button-fancy -red\"><span class=\"btn-arrow\"><\/span><span class=\"twp-read-more text\">Continue leyendo<\/span><\/a><\/p>\n","protected":false},"author":1,"featured_media":0,"parent":0,"menu_order":0,"comment_status":"closed","ping_status":"closed","template":"","meta":{"footnotes":""},"class_list":["post-1902","page","type-page","status-publish","hentry"],"_links":{"self":[{"href":"https:\/\/www.putaendo.cl\/municipalidad\/wp-json\/wp\/v2\/pages\/1902","targetHints":{"allow":["GET"]}}],"collection":[{"href":"https:\/\/www.putaendo.cl\/municipalidad\/wp-json\/wp\/v2\/pages"}],"about":[{"href":"https:\/\/www.putaendo.cl\/municipalidad\/wp-json\/wp\/v2\/types\/page"}],"author":[{"embeddable":true,"href":"https:\/\/www.putaendo.cl\/municipalidad\/wp-json\/wp\/v2\/users\/1"}],"replies":[{"embeddable":true,"href":"https:\/\/www.putaendo.cl\/municipalidad\/wp-json\/wp\/v2\/comments?post=1902"}],"version-history":[{"count":32,"href":"https:\/\/www.putaendo.cl\/municipalidad\/wp-json\/wp\/v2\/pages\/1902\/revisions"}],"predecessor-version":[{"id":3852,"href":"https:\/\/www.putaendo.cl\/municipalidad\/wp-json\/wp\/v2\/pages\/1902\/revisions\/3852"}],"wp:attachment":[{"href":"https:\/\/www.putaendo.cl\/municipalidad\/wp-json\/wp\/v2\/media?parent=1902"}],"curies":[{"name":"wp","href":"https:\/\/api.w.org\/{rel}","templated":true}]}}