{"id":142,"date":"2018-02-05T14:45:16","date_gmt":"2018-02-05T14:45:16","guid":{"rendered":"http:\/\/www.putaendo.cl\/municipalidad\/?page_id=142"},"modified":"2018-03-19T18:02:41","modified_gmt":"2018-03-19T18:02:41","slug":"institucion","status":"publish","type":"page","link":"https:\/\/www.putaendo.cl\/municipalidad\/institucion\/","title":{"rendered":"Instituci\u00f3n"},"content":{"rendered":"<style type=\"text\/css\">\n.muni{\n     \/*height: 280px;*\/\n}\n.mapa_muni{\n     float: left;<\/p>\n<p>}\n.direcc{\n     float: left;\n     margin-right: 90px;\n}\n<\/style>\n<div class=\"muni\">\n   <img decoding=\"async\" src=\"https:\/\/www.putaendo.cl\/municipalidad\/wp-content\/uploads\/2018\/03\/MUNICIPALIDAD-DE-PUTAENDO-840x200.jpg\" width=\"100%\">\n<\/div>\n<h2><span style=\"color: #000000;\">Visi\u00f3n Institucional<\/span><\/h2>\n<p>La Ilustre Municipalidad de Putaendo, trabaja para disponer de una gesti\u00f3n municipal, eficiente, transparente y moderna, que se refleje en su clima organizacional y en la calidad de sus servicios; para aportar y agregar valor al desarrollo humano, social y econ\u00f3mico de la comuna; con respecto a su patrimonio hist\u00f3rico, arquitect\u00f3nico, natural, cultural, productivo, medio ambiental e identitario local; promoviendo y fortaleciendo la participaci\u00f3n ciudadana, la educaci\u00f3n y oportunidades para sus j\u00f3venes, la mejora en la calidad de vida de sus habitantes con especial atenci\u00f3n en sus mayores, la actividad agr\u00edcola, tur\u00edstica y minera.<\/p>\n<h2><span style=\"color: #000000;\">La Estructura<\/span><\/h2>\n<p>La estructura de la Municipalidad de Putaendo, se conformar\u00e1 con las siguientes direcciones, las que depender\u00e1n directamente del Alcalde.<\/p>\n<div class=\"direcc\">\n<h2><span style=\"color: #000000;\">Direcciones<\/span><\/h2>\n<p>1) Administrador Municipal<br \/>\n2) Secretaria Municipal<br \/>\n3) Secretaria Comunal de Planificaci\u00f3n<br \/>\n4) Desarrollo Comunitario<br \/>\n5) Obras Municipales<br \/>\n6) Administraci\u00f3n y Finanzas<br \/>\n7) Administraci\u00f3n de Educaci\u00f3n Municipal<\/p>\n<h2><span style=\"color: #000000;\">Departamentos<\/span><\/h2>\n<p>1) Tr\u00e1nsito y Transporte P\u00fablico<br \/>\n2) Salud Municipal<br \/>\n3) Juzgado de Polic\u00eda Local (ley 15.231)\n<\/p><\/div>\n<div class=\"mapa_muni\">\n<iframe loading=\"lazy\" src=\"https:\/\/www.google.com\/maps\/embed?pb=!1m18!1m12!1m3!1d2825.6225539820944!2d-70.7176606174337!3d-32.626153408895405!2m3!1f0!2f0!3f0!3m2!1i1024!2i768!4f13.1!3m3!1m2!1s0x96886ca9e717e5b1%3A0x8143b9819d623df4!2sIlustre+Municipalidad+de+Putaendo!5e0!3m2!1ses-419!2scl!4v1519235942166\" width=\"600\" height=\"450\" frameborder=\"0\" style=\"border:0\" allowfullscreen><\/iframe>\n<\/div>\n","protected":false},"excerpt":{"rendered":"<p>Visi\u00f3n Institucional La Ilustre Municipalidad de Putaendo, trabaja para disponer de una gesti\u00f3n municipal, eficiente, transparente y moderna, que se refleje en su clima organizacional y en la calidad de <a href=\"https:\/\/www.putaendo.cl\/municipalidad\/institucion\/\" class=\"read-more button-fancy -red\"><span class=\"btn-arrow\"><\/span><span class=\"twp-read-more text\">Continue leyendo<\/span><\/a><\/p>\n","protected":false},"author":1,"featured_media":0,"parent":0,"menu_order":0,"comment_status":"closed","ping_status":"closed","template":"","meta":{"footnotes":""},"class_list":["post-142","page","type-page","status-publish","hentry"],"_links":{"self":[{"href":"https:\/\/www.putaendo.cl\/municipalidad\/wp-json\/wp\/v2\/pages\/142","targetHints":{"allow":["GET"]}}],"collection":[{"href":"https:\/\/www.putaendo.cl\/municipalidad\/wp-json\/wp\/v2\/pages"}],"about":[{"href":"https:\/\/www.putaendo.cl\/municipalidad\/wp-json\/wp\/v2\/types\/page"}],"author":[{"embeddable":true,"href":"https:\/\/www.putaendo.cl\/municipalidad\/wp-json\/wp\/v2\/users\/1"}],"replies":[{"embeddable":true,"href":"https:\/\/www.putaendo.cl\/municipalidad\/wp-json\/wp\/v2\/comments?post=142"}],"version-history":[{"count":30,"href":"https:\/\/www.putaendo.cl\/municipalidad\/wp-json\/wp\/v2\/pages\/142\/revisions"}],"predecessor-version":[{"id":1552,"href":"https:\/\/www.putaendo.cl\/municipalidad\/wp-json\/wp\/v2\/pages\/142\/revisions\/1552"}],"wp:attachment":[{"href":"https:\/\/www.putaendo.cl\/municipalidad\/wp-json\/wp\/v2\/media?parent=142"}],"curies":[{"name":"wp","href":"https:\/\/api.w.org\/{rel}","templated":true}]}}